{"id":59337,"date":"2025-01-19T11:24:22","date_gmt":"2025-01-19T11:24:22","guid":{"rendered":"https:\/\/bestmarkings.com\/?post_type=product&#038;p=59337"},"modified":"2025-01-19T11:33:01","modified_gmt":"2025-01-19T11:33:01","slug":"pferdekopf-wandhaken-aus-messing-copy","status":"publish","type":"product","link":"https:\/\/bestmarkings.com\/de\/produkt\/pferdekopf-wandhaken-aus-messing-copy\/","title":{"rendered":"Messingscharnier (T\u00fcrscharnier)"},"content":{"rendered":"<p class=\"p1\">Dieses wundersch\u00f6n gearbeitete Messingscharnier ist die perfekte Wahl f\u00fcr alle, die ihren M\u00f6beln oder T\u00fcren einen eleganten, klassischen Touch verleihen m\u00f6chten. Dieses Scharnier mit seinen komplizierten floralen Details und seiner robusten, langlebigen Messingkonstruktion ist sowohl funktional als auch \u00e4sthetisch ansprechend. Es ist ideal f\u00fcr die Verwendung an antiken T\u00fcren, M\u00f6beln oder Restaurierungen, bei denen es auf authentische und hochwertige Details ankommt.  <\/p>\n<p class=\"p1\">\n","protected":false},"excerpt":{"rendered":"<p>Dieses wundersch\u00f6n gearbeitete Messingscharnier ist die perfekte Wahl f\u00fcr alle, die ihren M\u00f6beln oder T\u00fcren einen eleganten, klassischen Touch verleihen<\/p>\n","protected":false},"featured_media":59339,"comment_status":"closed","ping_status":"closed","template":"","meta":[],"product_cat":[1244,89],"product_tag":[],"class_list":{"0":"post-59337","1":"product","2":"type-product","3":"status-publish","4":"has-post-thumbnail","6":"product_cat-kunstlerische-gieserei","7":"product_cat-unkategorisiert","8":"tm-has-options","10":"first","11":"instock","12":"taxable","13":"shipping-taxable","14":"purchasable","15":"product-type-simple"},"_links":{"self":[{"href":"https:\/\/bestmarkings.com\/de\/wp-json\/wp\/v2\/product\/59337","targetHints":{"allow":["GET"]}}],"collection":[{"href":"https:\/\/bestmarkings.com\/de\/wp-json\/wp\/v2\/product"}],"about":[{"href":"https:\/\/bestmarkings.com\/de\/wp-json\/wp\/v2\/types\/product"}],"replies":[{"embeddable":true,"href":"https:\/\/bestmarkings.com\/de\/wp-json\/wp\/v2\/comments?post=59337"}],"version-history":[{"count":3,"href":"https:\/\/bestmarkings.com\/de\/wp-json\/wp\/v2\/product\/59337\/revisions"}],"predecessor-version":[{"id":59344,"href":"https:\/\/bestmarkings.com\/de\/wp-json\/wp\/v2\/product\/59337\/revisions\/59344"}],"wp:featuredmedia":[{"embeddable":true,"href":"https:\/\/bestmarkings.com\/de\/wp-json\/wp\/v2\/media\/59339"}],"wp:attachment":[{"href":"https:\/\/bestmarkings.com\/de\/wp-json\/wp\/v2\/media?parent=59337"}],"wp:term":[{"taxonomy":"product_cat","embeddable":true,"href":"https:\/\/bestmarkings.com\/de\/wp-json\/wp\/v2\/product_cat?post=59337"},{"taxonomy":"product_tag","embeddable":true,"href":"https:\/\/bestmarkings.com\/de\/wp-json\/wp\/v2\/product_tag?post=59337"}],"curies":[{"name":"wp","href":"https:\/\/api.w.org\/{rel}","templated":true}]}}