{"id":53421,"date":"2025-01-03T18:53:34","date_gmt":"2025-01-03T18:53:34","guid":{"rendered":"https:\/\/bestmarkings.com\/?post_type=product&#038;p=53421"},"modified":"2025-01-05T08:25:47","modified_gmt":"2025-01-05T08:25:47","slug":"gartenbeet-schild-copy","status":"publish","type":"product","link":"https:\/\/bestmarkings.com\/de\/produkt\/gartenbeet-schild-copy\/","title":{"rendered":"Briefkastenschild &#8222;Bitte keine Reklame&#8220;"},"content":{"rendered":"<div>Briefkastenschild &#8222;Bitte keine Reklame&#8220;<\/div>\n<div>-Abmessungen: 90 x 30 mm<\/div>\n<div>-Material: Hochwertiger Aluminiumguss<\/div>\n<div>-Farbe: Silber mit erhabener schwarzer Beschriftung<\/div>\n<div>-Design: Schlank und elegant, passend f\u00fcr jeden Briefkasten<\/div>\n<div>-Herkunft: Swiss Made &#8211; au\u00dfergew\u00f6hnliche Schweizer Qualit\u00e4t und Handwerkskunst<\/div>\n<div><\/div>\n<div>Dieses robuste Schild mit erhabener Schrift zeigt deutlich &#8222;Bitte keine Reklame&#8220; an und sch\u00fctzt Ihren Briefkasten vor unerw\u00fcnschten Materialien. Einfach zu installieren, perfekt f\u00fcr den privaten und gesch\u00e4ftlichen Gebrauch. <\/div>\n","protected":false},"excerpt":{"rendered":"<p>300x30mm<\/p>\n","protected":false},"featured_media":53057,"comment_status":"closed","ping_status":"closed","template":"","meta":[],"product_cat":[548,89],"product_tag":[],"class_list":{"0":"post-53421","1":"product","2":"type-product","3":"status-publish","4":"has-post-thumbnail","6":"product_cat-indoor-outdoor-de","7":"product_cat-unkategorisiert","8":"tm-has-options","10":"first","11":"instock","12":"taxable","13":"shipping-taxable","14":"purchasable","15":"product-type-simple"},"_links":{"self":[{"href":"https:\/\/bestmarkings.com\/de\/wp-json\/wp\/v2\/product\/53421","targetHints":{"allow":["GET"]}}],"collection":[{"href":"https:\/\/bestmarkings.com\/de\/wp-json\/wp\/v2\/product"}],"about":[{"href":"https:\/\/bestmarkings.com\/de\/wp-json\/wp\/v2\/types\/product"}],"replies":[{"embeddable":true,"href":"https:\/\/bestmarkings.com\/de\/wp-json\/wp\/v2\/comments?post=53421"}],"version-history":[{"count":2,"href":"https:\/\/bestmarkings.com\/de\/wp-json\/wp\/v2\/product\/53421\/revisions"}],"predecessor-version":[{"id":54508,"href":"https:\/\/bestmarkings.com\/de\/wp-json\/wp\/v2\/product\/53421\/revisions\/54508"}],"wp:featuredmedia":[{"embeddable":true,"href":"https:\/\/bestmarkings.com\/de\/wp-json\/wp\/v2\/media\/53057"}],"wp:attachment":[{"href":"https:\/\/bestmarkings.com\/de\/wp-json\/wp\/v2\/media?parent=53421"}],"wp:term":[{"taxonomy":"product_cat","embeddable":true,"href":"https:\/\/bestmarkings.com\/de\/wp-json\/wp\/v2\/product_cat?post=53421"},{"taxonomy":"product_tag","embeddable":true,"href":"https:\/\/bestmarkings.com\/de\/wp-json\/wp\/v2\/product_tag?post=53421"}],"curies":[{"name":"wp","href":"https:\/\/api.w.org\/{rel}","templated":true}]}}