{"id":52820,"date":"2024-12-23T20:34:34","date_gmt":"2024-12-23T20:34:34","guid":{"rendered":"https:\/\/bestmarkings.com\/?post_type=product&#038;p=52820"},"modified":"2024-12-28T12:50:35","modified_gmt":"2024-12-28T12:50:35","slug":"glocke-mit-nummer-30-40-50-60-70-copy-copy-copy-copy-copy","status":"publish","type":"product","link":"https:\/\/bestmarkings.com\/de\/produkt\/glocke-mit-nummer-30-40-50-60-70-copy-copy-copy-copy-copy\/","title":{"rendered":"Glocke R09"},"content":{"rendered":"<p><span class=\"Y2IQFc\" lang=\"en\">Parameter: <\/span><\/p>\n<p><span class=\"Y2IQFc\" lang=\"en\">H\u00f6he 230 mm <\/span><\/p>\n<p><span class=\"Y2IQFc\" lang=\"en\">Breite 90 mm<\/span><\/p>\n<p><span class=\"Y2IQFc\" lang=\"en\">Gewicht ca. 0,8 kg <\/span><\/p>\n<p><span class=\"Y2IQFc\" lang=\"en\">Material: Bronze, Holz<\/span><\/p>\n<p id=\"tw-target-text\" class=\"tw-data-text tw-text-large tw-ta\" dir=\"ltr\" data-placeholder=\"\u00dcbersetzung\" data-ved=\"2ahUKEwis0sWAzLmKAxV4gf0HHbY9MIAQ3ewLegQICRAU\" aria-label=\"\u00dcbersetzter Text: Model R09 is another product from our design collection RIBELL. Its appearance is very elegant, but its strong and expressive sound is suitable, thanks to the easy grip of the rosewood handle, for example for summoning and attracting attention in the collective. It is also a luxurious addition to the interior. The bell is cast in bronze and its heart is a steel ball. The wooden handle makes it easy to grip and the bronze bowl, which serves as a design accessory, also tells us where to place the bell. It is polished to a high gloss.\"><span class=\"Y2IQFc\" lang=\"en\">Das Modell R09 ist ein weiteres Produkt aus unserer Designkollektion RIBELL. Seine Erscheinung ist sehr elegant, aber sein kr\u00e4ftiger und ausdrucksstarker Klang eignet sich dank des griffigen Griffs aus Palisanderholz zum Beispiel zum Herbeirufen und Erregen von Aufmerksamkeit im Kollektiv. Sie ist auch eine luxuri\u00f6se Erg\u00e4nzung f\u00fcr die Inneneinrichtung. Die Glocke ist aus Bronze gegossen und ihr Herz ist eine Stahlkugel. Dank des Holzgriffs ist sie leicht zu greifen und die Bronzeschale, die als Design-Accessoire dient, zeigt uns auch, wo wir die Glocke platzieren sollen. <\/span><\/p>\n","protected":false},"excerpt":{"rendered":"<p>Parameter: H\u00f6he 230 mm Breite 90 mm Gewicht ca. 0,8 kg Material: Bronze, Holz Das Modell R09 ist ein weiteres<\/p>\n","protected":false},"featured_media":52846,"comment_status":"closed","ping_status":"closed","template":"","meta":[],"product_cat":[1240,89],"product_tag":[],"class_list":{"0":"post-52820","1":"product","2":"type-product","3":"status-publish","4":"has-post-thumbnail","6":"product_cat-s-glocken","7":"product_cat-unkategorisiert","8":"tm-has-options","10":"first","11":"instock","12":"taxable","13":"shipping-taxable","14":"purchasable","15":"product-type-simple"},"_links":{"self":[{"href":"https:\/\/bestmarkings.com\/de\/wp-json\/wp\/v2\/product\/52820","targetHints":{"allow":["GET"]}}],"collection":[{"href":"https:\/\/bestmarkings.com\/de\/wp-json\/wp\/v2\/product"}],"about":[{"href":"https:\/\/bestmarkings.com\/de\/wp-json\/wp\/v2\/types\/product"}],"replies":[{"embeddable":true,"href":"https:\/\/bestmarkings.com\/de\/wp-json\/wp\/v2\/comments?post=52820"}],"version-history":[{"count":2,"href":"https:\/\/bestmarkings.com\/de\/wp-json\/wp\/v2\/product\/52820\/revisions"}],"predecessor-version":[{"id":52872,"href":"https:\/\/bestmarkings.com\/de\/wp-json\/wp\/v2\/product\/52820\/revisions\/52872"}],"wp:featuredmedia":[{"embeddable":true,"href":"https:\/\/bestmarkings.com\/de\/wp-json\/wp\/v2\/media\/52846"}],"wp:attachment":[{"href":"https:\/\/bestmarkings.com\/de\/wp-json\/wp\/v2\/media?parent=52820"}],"wp:term":[{"taxonomy":"product_cat","embeddable":true,"href":"https:\/\/bestmarkings.com\/de\/wp-json\/wp\/v2\/product_cat?post=52820"},{"taxonomy":"product_tag","embeddable":true,"href":"https:\/\/bestmarkings.com\/de\/wp-json\/wp\/v2\/product_tag?post=52820"}],"curies":[{"name":"wp","href":"https:\/\/api.w.org\/{rel}","templated":true}]}}