{"id":52710,"date":"2024-12-23T18:29:25","date_gmt":"2024-12-23T18:29:25","guid":{"rendered":"https:\/\/bestmarkings.com\/?post_type=product&#038;p=52710"},"modified":"2024-12-28T12:39:28","modified_gmt":"2024-12-28T12:39:28","slug":"glocke-mit-nummer-30-40-50-60-70-copy","status":"publish","type":"product","link":"https:\/\/bestmarkings.com\/de\/produkt\/glocke-mit-nummer-30-40-50-60-70-copy\/","title":{"rendered":"Glocke mit einem Relief von Karl IV."},"content":{"rendered":"<p><span class=\"Y2IQFc\" lang=\"en\">Parameter: <\/span><\/p>\n<p><span class=\"Y2IQFc\" lang=\"en\">H\u00f6he 95 mm <\/span><\/p>\n<p><span class=\"Y2IQFc\" lang=\"en\">Breite 95 mm<\/span><\/p>\n<p><span class=\"Y2IQFc\" lang=\"en\">Gewicht ca. 0,5 kg <\/span><\/p>\n<p><span class=\"Y2IQFc\" lang=\"en\">Material: Bronze, Eisen<\/span><\/p>\n<p id=\"tw-target-text\" class=\"tw-data-text tw-text-large tw-ta\" dir=\"ltr\" data-placeholder=\"\u00dcbersetzung\" data-ved=\"2ahUKEwis0sWAzLmKAxV4gf0HHbY9MIAQ3ewLegQICRAU\" aria-label=\"\u00dcbersetzter Text: As standard, we produce this bell with small ornaments on its lower circumference. Here, however, it is specially cast with a patina and polished relief of Charles IV. The bell can be easily hung in the space. Due to its size and penetrating sound, this bell is already destined for use in house bells and for hanging in various types of consoles.\"><span class=\"Y2IQFc\" lang=\"en\">Standardm\u00e4\u00dfig produzieren wir diese Glocke mit kleinen Ornamenten am unteren Umfang. Hier ist es jedoch speziell mit einem patinierten und polierten Relief von Karl IV. gegossen. Die Glocke kann einfach in den Raum geh\u00e4ngt werden. Aufgrund ihrer Gr\u00f6\u00dfe und ihres durchdringenden Klangs ist diese Glocke bereits f\u00fcr den Einsatz in Hausglocken und zum Aufh\u00e4ngen in verschiedenen Arten von Konsolen bestimmt.<\/span><\/p>\n","protected":false},"excerpt":{"rendered":"<p>Parameter: H\u00f6he 95 mm Breite 95 mm Gewicht ca. 0,5 kg Material: Bronze, Eisen Standardm\u00e4\u00dfig produzieren wir diese Glocke mit<\/p>\n","protected":false},"featured_media":52714,"comment_status":"closed","ping_status":"closed","template":"","meta":[],"product_cat":[1240,89],"product_tag":[],"class_list":{"0":"post-52710","1":"product","2":"type-product","3":"status-publish","4":"has-post-thumbnail","6":"product_cat-s-glocken","7":"product_cat-unkategorisiert","8":"tm-has-options","10":"first","11":"instock","12":"taxable","13":"shipping-taxable","14":"purchasable","15":"product-type-simple"},"_links":{"self":[{"href":"https:\/\/bestmarkings.com\/de\/wp-json\/wp\/v2\/product\/52710","targetHints":{"allow":["GET"]}}],"collection":[{"href":"https:\/\/bestmarkings.com\/de\/wp-json\/wp\/v2\/product"}],"about":[{"href":"https:\/\/bestmarkings.com\/de\/wp-json\/wp\/v2\/types\/product"}],"replies":[{"embeddable":true,"href":"https:\/\/bestmarkings.com\/de\/wp-json\/wp\/v2\/comments?post=52710"}],"version-history":[{"count":2,"href":"https:\/\/bestmarkings.com\/de\/wp-json\/wp\/v2\/product\/52710\/revisions"}],"predecessor-version":[{"id":52882,"href":"https:\/\/bestmarkings.com\/de\/wp-json\/wp\/v2\/product\/52710\/revisions\/52882"}],"wp:featuredmedia":[{"embeddable":true,"href":"https:\/\/bestmarkings.com\/de\/wp-json\/wp\/v2\/media\/52714"}],"wp:attachment":[{"href":"https:\/\/bestmarkings.com\/de\/wp-json\/wp\/v2\/media?parent=52710"}],"wp:term":[{"taxonomy":"product_cat","embeddable":true,"href":"https:\/\/bestmarkings.com\/de\/wp-json\/wp\/v2\/product_cat?post=52710"},{"taxonomy":"product_tag","embeddable":true,"href":"https:\/\/bestmarkings.com\/de\/wp-json\/wp\/v2\/product_tag?post=52710"}],"curies":[{"name":"wp","href":"https:\/\/api.w.org\/{rel}","templated":true}]}}