{"id":52673,"date":"2024-12-22T22:01:13","date_gmt":"2024-12-22T22:01:13","guid":{"rendered":"https:\/\/bestmarkings.com\/?post_type=product&#038;p=52673"},"modified":"2024-12-28T12:23:31","modified_gmt":"2024-12-28T12:23:31","slug":"glocke-95-x-95mm-copy-copy-copy-copy-copy-copy-copy-copy-copy-copy-copy-2","status":"publish","type":"product","link":"https:\/\/bestmarkings.com\/de\/produkt\/glocke-95-x-95mm-copy-copy-copy-copy-copy-copy-copy-copy-copy-copy-copy-2\/","title":{"rendered":"Glocke Typ L an &#8222;Schlangen&#8220;-Anschl\u00fcssen"},"content":{"rendered":"<p><span class=\"Y2IQFc\" lang=\"en\">Parameter:  <\/span><\/p>\n<p><span class=\"Y2IQFc\" lang=\"en\">H\u00f6he 340 mm  <\/span><\/p>\n<p><span class=\"Y2IQFc\" lang=\"en\">Breite 160 mm<\/span><\/p>\n<p>Tiefe 200 mm<\/p>\n<p><span class=\"Y2IQFc\" lang=\"en\">Gewicht ca. 3,5 kg  <\/span><\/p>\n<p><span class=\"Y2IQFc\" lang=\"en\">Material: Bronze, Eisen<\/span><\/p>\n<p id=\"tw-target-text\" class=\"tw-data-text tw-text-large tw-ta\" dir=\"ltr\" data-placeholder=\"\u00dcbersetzung\" data-ved=\"2ahUKEwis0sWAzLmKAxV4gf0HHbY9MIAQ3ewLegQICRAU\" aria-label=\"\u00dcbersetzter Text: The hand-forged console is equipped with a U-shaped bell with a relief, which is suspended from the console by a brass ring. This combination is suitable for both indoor and outdoor use. It can also be used e.g. at the front door or in the pergola. It can be used when convening the family in a larger house with a garden. For an additional fee, the bell can be decorated with an inscription, year, symbol of the municipality and other motifs. As standard, however, it is supplied only with decorative ornaments. If you are interested in your own relief and to specify your requirements and price, please contact us\"><span class=\"Y2IQFc\" lang=\"en\">Die handgeschmiedete Konsole ist mit einer L-f\u00f6rmigen Glocke ausgestattet, die mit einem Messingring an der Konsole aufgeh\u00e4ngt ist. Diese Kombination ist sowohl f\u00fcr den Innen- als auch f\u00fcr den Au\u00dfenbereich geeignet. Er kann auch z.B. an der Haust\u00fcr oder in der Pergola verwendet werden. Er kann verwendet werden, wenn die Familie in einem gr\u00f6\u00dferen Haus mit einem Garten zusammenkommt.  Gegen eine zus\u00e4tzliche Geb\u00fchr kann die Glocke mit einer Inschrift, der Jahreszahl, dem Symbol der Gemeinde und anderen Motiven verziert werden. Standardm\u00e4\u00dfig wird er jedoch nur mit dekorativen Ornamenten geliefert. Wenn Sie an einem eigenen Relief interessiert sind und Ihre Anforderungen und den Preis angeben m\u00f6chten, kontaktieren Sie uns bitte<\/span><\/p>\n","protected":false},"excerpt":{"rendered":"<p>Parameter: H\u00f6he 340 mm Breite 160 mm Tiefe 200 mm Gewicht ca. 3,5 kg Material: Bronze, Eisen Die handgeschmiedete Konsole<\/p>\n","protected":false},"featured_media":52682,"comment_status":"closed","ping_status":"closed","template":"","meta":[],"product_cat":[1240,89],"product_tag":[],"class_list":{"0":"post-52673","1":"product","2":"type-product","3":"status-publish","4":"has-post-thumbnail","6":"product_cat-s-glocken","7":"product_cat-unkategorisiert","8":"tm-has-options","10":"first","11":"instock","12":"taxable","13":"shipping-taxable","14":"purchasable","15":"product-type-simple"},"_links":{"self":[{"href":"https:\/\/bestmarkings.com\/de\/wp-json\/wp\/v2\/product\/52673","targetHints":{"allow":["GET"]}}],"collection":[{"href":"https:\/\/bestmarkings.com\/de\/wp-json\/wp\/v2\/product"}],"about":[{"href":"https:\/\/bestmarkings.com\/de\/wp-json\/wp\/v2\/types\/product"}],"replies":[{"embeddable":true,"href":"https:\/\/bestmarkings.com\/de\/wp-json\/wp\/v2\/comments?post=52673"}],"version-history":[{"count":2,"href":"https:\/\/bestmarkings.com\/de\/wp-json\/wp\/v2\/product\/52673\/revisions"}],"predecessor-version":[{"id":52898,"href":"https:\/\/bestmarkings.com\/de\/wp-json\/wp\/v2\/product\/52673\/revisions\/52898"}],"wp:featuredmedia":[{"embeddable":true,"href":"https:\/\/bestmarkings.com\/de\/wp-json\/wp\/v2\/media\/52682"}],"wp:attachment":[{"href":"https:\/\/bestmarkings.com\/de\/wp-json\/wp\/v2\/media?parent=52673"}],"wp:term":[{"taxonomy":"product_cat","embeddable":true,"href":"https:\/\/bestmarkings.com\/de\/wp-json\/wp\/v2\/product_cat?post=52673"},{"taxonomy":"product_tag","embeddable":true,"href":"https:\/\/bestmarkings.com\/de\/wp-json\/wp\/v2\/product_tag?post=52673"}],"curies":[{"name":"wp","href":"https:\/\/api.w.org\/{rel}","templated":true}]}}