{"id":52557,"date":"2024-12-22T20:46:41","date_gmt":"2024-12-22T20:46:41","guid":{"rendered":"https:\/\/bestmarkings.com\/?post_type=product&#038;p=52557"},"modified":"2024-12-28T12:20:54","modified_gmt":"2024-12-28T12:20:54","slug":"glocke-95-x-95mm-copy-copy-copy-copy-copy-copy-copy","status":"publish","type":"product","link":"https:\/\/bestmarkings.com\/de\/produkt\/glocke-95-x-95mm-copy-copy-copy-copy-copy-copy-copy\/","title":{"rendered":"Glocke Typ U auf quadratischen Beschl\u00e4gen"},"content":{"rendered":"<p><span class=\"Y2IQFc\" lang=\"en\">Parameter:  <\/span><\/p>\n<p><span class=\"Y2IQFc\" lang=\"en\">H\u00f6he 400 mm  <\/span><\/p>\n<p><span class=\"Y2IQFc\" lang=\"en\">Breite 145 mm<\/span><\/p>\n<p>Tiefe 220 mm<\/p>\n<p><span class=\"Y2IQFc\" lang=\"en\">Gewicht ca. 2,8 kg  <\/span><\/p>\n<p><span class=\"Y2IQFc\" lang=\"en\">Material: Bronze, Eisen<\/span><\/p>\n<p id=\"tw-target-text\" class=\"tw-data-text tw-text-large tw-ta\" dir=\"ltr\" data-placeholder=\"\u00dcbersetzung\" data-ved=\"2ahUKEwis0sWAzLmKAxV4gf0HHbY9MIAQ3ewLegQICRAU\" aria-label=\"\u00dcbersetzter Text: The hand-forged console is equipped with a U-type bell, which is suspended from the console by a brass ring. This combination is suitable for both indoor and outdoor use. It can also be used e.g. at the front door or in the pergola. It can be used when convening the family in a larger house with a garden.\"><span class=\"Y2IQFc\" lang=\"en\">Der handgeschmiedete Spieltisch ist mit einer U-f\u00f6rmigen Glocke ausgestattet, die mit einem Messingring am Spieltisch aufgeh\u00e4ngt ist. Diese Kombination ist sowohl f\u00fcr den Innen- als auch f\u00fcr den Au\u00dfenbereich geeignet. Er kann auch z.B. an der Haust\u00fcr oder in der Pergola verwendet werden. Er kann verwendet werden, wenn die Familie in einem gr\u00f6\u00dferen Haus mit einem Garten zusammenkommt. <\/span><\/p>\n","protected":false},"excerpt":{"rendered":"<p>Parameter: H\u00f6he 400 mm Breite 145 mm Tiefe 220 mm Gewicht ca. 2,8 kg Material: Bronze, Eisen Der handgeschmiedete Spieltisch<\/p>\n","protected":false},"featured_media":52565,"comment_status":"closed","ping_status":"closed","template":"","meta":[],"product_cat":[1240,89],"product_tag":[],"class_list":{"0":"post-52557","1":"product","2":"type-product","3":"status-publish","4":"has-post-thumbnail","6":"product_cat-s-glocken","7":"product_cat-unkategorisiert","8":"tm-has-options","10":"first","11":"instock","12":"taxable","13":"shipping-taxable","14":"purchasable","15":"product-type-simple"},"_links":{"self":[{"href":"https:\/\/bestmarkings.com\/de\/wp-json\/wp\/v2\/product\/52557","targetHints":{"allow":["GET"]}}],"collection":[{"href":"https:\/\/bestmarkings.com\/de\/wp-json\/wp\/v2\/product"}],"about":[{"href":"https:\/\/bestmarkings.com\/de\/wp-json\/wp\/v2\/types\/product"}],"replies":[{"embeddable":true,"href":"https:\/\/bestmarkings.com\/de\/wp-json\/wp\/v2\/comments?post=52557"}],"version-history":[{"count":2,"href":"https:\/\/bestmarkings.com\/de\/wp-json\/wp\/v2\/product\/52557\/revisions"}],"predecessor-version":[{"id":52887,"href":"https:\/\/bestmarkings.com\/de\/wp-json\/wp\/v2\/product\/52557\/revisions\/52887"}],"wp:featuredmedia":[{"embeddable":true,"href":"https:\/\/bestmarkings.com\/de\/wp-json\/wp\/v2\/media\/52565"}],"wp:attachment":[{"href":"https:\/\/bestmarkings.com\/de\/wp-json\/wp\/v2\/media?parent=52557"}],"wp:term":[{"taxonomy":"product_cat","embeddable":true,"href":"https:\/\/bestmarkings.com\/de\/wp-json\/wp\/v2\/product_cat?post=52557"},{"taxonomy":"product_tag","embeddable":true,"href":"https:\/\/bestmarkings.com\/de\/wp-json\/wp\/v2\/product_tag?post=52557"}],"curies":[{"name":"wp","href":"https:\/\/api.w.org\/{rel}","templated":true}]}}