{"id":52485,"date":"2024-12-22T19:45:27","date_gmt":"2024-12-22T19:45:27","guid":{"rendered":"https:\/\/bestmarkings.com\/?post_type=product&#038;p=52485"},"modified":"2024-12-28T12:18:32","modified_gmt":"2024-12-28T12:18:32","slug":"glocke-95-x-95mm-copy-copy","status":"publish","type":"product","link":"https:\/\/bestmarkings.com\/de\/produkt\/glocke-95-x-95mm-copy-copy\/","title":{"rendered":"Gro\u00dfe italienische Glocke mit Relief auf einer geschmiedeten Konsole"},"content":{"rendered":"<p><span class=\"Y2IQFc\" lang=\"en\">Parameter:  <\/span><\/p>\n<p><span class=\"Y2IQFc\" lang=\"en\">H\u00f6he 280 mm  <\/span><\/p>\n<p><span class=\"Y2IQFc\" lang=\"en\">Breite 95 mm<\/span><\/p>\n<p>Tiefe 170 mm<\/p>\n<p><span class=\"Y2IQFc\" lang=\"en\">Gewicht ca. 1 kg  <\/span><\/p>\n<p><span class=\"Y2IQFc\" lang=\"en\">Material: Bronze, Eisen<\/span><\/p>\n<p id=\"tw-target-text\" class=\"tw-data-text tw-text-large tw-ta\" dir=\"ltr\" data-placeholder=\"\u00dcbersetzung\" data-ved=\"2ahUKEwis0sWAzLmKAxV4gf0HHbY9MIAQ3ewLegQICRAU\" aria-label=\"\u00dcbersetzter Text: The hand-forged console houses a large Italian relief bell with a braided heart, which is suspended from the console by a brass ring. This combination is suitable for indoor and outdoor use. It can also be used at the front door or in the pergola. It can also be a luxurious gift at an affordable price. For an additional fee, the bell can be decorated with an inscription, the year, the symbol of the municipality and other motifs. As standard, however, it is supplied only with decorative ornaments.\"><span class=\"Y2IQFc\" lang=\"en\">Die handgeschmiedete Konsole beherbergt eine gro\u00dfe italienische Reliefglocke mit einem geflochtenen Herz, die mit einem Messingring an der Konsole aufgeh\u00e4ngt ist. Diese Kombination ist f\u00fcr den Innen- und Au\u00dfenbereich geeignet. Sie kann auch an der Haust\u00fcr oder in der Pergola verwendet werden. Sie kann auch ein luxuri\u00f6ses Geschenk zu einem erschwinglichen Preis sein. Gegen einen Aufpreis kann die Glocke mit einer Inschrift, der Jahreszahl, dem Symbol der Gemeinde und anderen Motiven verziert werden. Standardm\u00e4\u00dfig wird sie jedoch nur mit dekorativen Ornamenten geliefert.       <\/span><span class=\"Y2IQFc\" lang=\"en\">Es kann auch ein Luxusgeschenk sein<\/span><\/p>\n","protected":false},"excerpt":{"rendered":"<p>Parameter: H\u00f6he 280 mm Breite 95 mm Tiefe 170 mm Gewicht ca. 1 kg Material: Bronze, Eisen Die handgeschmiedete Konsole<\/p>\n","protected":false},"featured_media":52487,"comment_status":"closed","ping_status":"closed","template":"","meta":[],"product_cat":[1240,89],"product_tag":[],"class_list":{"0":"post-52485","1":"product","2":"type-product","3":"status-publish","4":"has-post-thumbnail","6":"product_cat-s-glocken","7":"product_cat-unkategorisiert","8":"tm-has-options","10":"first","11":"instock","12":"taxable","13":"shipping-taxable","14":"purchasable","15":"product-type-simple"},"_links":{"self":[{"href":"https:\/\/bestmarkings.com\/de\/wp-json\/wp\/v2\/product\/52485","targetHints":{"allow":["GET"]}}],"collection":[{"href":"https:\/\/bestmarkings.com\/de\/wp-json\/wp\/v2\/product"}],"about":[{"href":"https:\/\/bestmarkings.com\/de\/wp-json\/wp\/v2\/types\/product"}],"replies":[{"embeddable":true,"href":"https:\/\/bestmarkings.com\/de\/wp-json\/wp\/v2\/comments?post=52485"}],"version-history":[{"count":2,"href":"https:\/\/bestmarkings.com\/de\/wp-json\/wp\/v2\/product\/52485\/revisions"}],"predecessor-version":[{"id":52877,"href":"https:\/\/bestmarkings.com\/de\/wp-json\/wp\/v2\/product\/52485\/revisions\/52877"}],"wp:featuredmedia":[{"embeddable":true,"href":"https:\/\/bestmarkings.com\/de\/wp-json\/wp\/v2\/media\/52487"}],"wp:attachment":[{"href":"https:\/\/bestmarkings.com\/de\/wp-json\/wp\/v2\/media?parent=52485"}],"wp:term":[{"taxonomy":"product_cat","embeddable":true,"href":"https:\/\/bestmarkings.com\/de\/wp-json\/wp\/v2\/product_cat?post=52485"},{"taxonomy":"product_tag","embeddable":true,"href":"https:\/\/bestmarkings.com\/de\/wp-json\/wp\/v2\/product_tag?post=52485"}],"curies":[{"name":"wp","href":"https:\/\/api.w.org\/{rel}","templated":true}]}}