{"id":52424,"date":"2024-12-22T16:05:04","date_gmt":"2024-12-22T16:05:04","guid":{"rendered":"https:\/\/bestmarkings.com\/?post_type=product&#038;p=52424"},"modified":"2024-12-22T16:30:30","modified_gmt":"2024-12-22T16:30:30","slug":"glocke-klein-55-x-50mm-copy-copy-copy-copy-copy-copy-copy-copy-copy-copy-copy-copy-copy-copy-copy-copy-copy-copy-copy-copy-copy-copy-copy-copy-copy-c-4","status":"publish","type":"product","link":"https:\/\/bestmarkings.com\/de\/produkt\/glocke-klein-55-x-50mm-copy-copy-copy-copy-copy-copy-copy-copy-copy-copy-copy-copy-copy-copy-copy-copy-copy-copy-copy-copy-copy-copy-copy-copy-copy-c-4\/","title":{"rendered":"Schmiedeeiserner Glockenturm &#8211; Glocke Typ Y mit Relief"},"content":{"rendered":"<p><span class=\"Y2IQFc\" lang=\"en\">Parameter:  <\/span><\/p>\n<p><span class=\"Y2IQFc\" lang=\"en\">H\u00f6he 430 mm  <\/span><\/p>\n<p><span class=\"Y2IQFc\" lang=\"en\">Breite 180 mm<\/span><\/p>\n<p>Tiefe 350 mm<\/p>\n<p><span class=\"Y2IQFc\" lang=\"en\">Gewicht ca. 4,8 kg   <\/span><\/p>\n<p><span class=\"Y2IQFc\" lang=\"en\">Material: Bronze, Eisen, Messing<\/span><\/p>\n<p id=\"tw-target-text\" class=\"tw-data-text tw-text-large tw-ta\" dir=\"ltr\" data-placeholder=\"\u00dcbersetzung\" data-ved=\"2ahUKEwis0sWAzLmKAxV4gf0HHbY9MIAQ3ewLegQICRAU\" aria-label=\"\u00dcbersetzter Text: This belfry, like all brackets, is forged from steel. Thanks to its size and blacksmith design, it is a dominant accessory that cannot be overlooked. The belfry is equipped with a bell with the name Y in relief. For an additional fee, the bell can be decorated with an inscription, year, symbol of the municipality and other motifs. However, it is supplied without decoration as standard. If you are interested in your own relief, do not order the product here on the e-shop, but contact us to specify your requirements and price\"><span class=\"Y2IQFc\" lang=\"en\">Dieser Glockenturm ist, wie alle Halterungen, aus Stahl geschmiedet. Dank seiner Gr\u00f6\u00dfe und seines schmiedeeisernen Designs ist er ein dominantes Accessoire, das nicht \u00fcbersehen werden kann. Der Glockenturm ist mit einer Glocke mit dem Namen Y in Relief ausgestattet. Gegen einen Aufpreis kann die Glocke mit einer Inschrift, der Jahreszahl, dem Symbol der Gemeinde und anderen Motiven verziert werden. Sie wird jedoch standardm\u00e4\u00dfig ohne Dekoration geliefert. Wenn Sie an einem eigenen Relief interessiert sind, bestellen Sie das Produkt nicht hier im E-Shop, sondern setzen Sie sich mit uns in Verbindung, um Ihre W\u00fcnsche und den Preis anzugeben     <\/span><\/p>\n","protected":false},"excerpt":{"rendered":"<p>Parameter: H\u00f6he 430 mm Breite 180 mm Tiefe 350 mm Gewicht ca. 4,8 kg Material: Bronze, Eisen, Messing Dieser Glockenturm<\/p>\n","protected":false},"featured_media":52433,"comment_status":"closed","ping_status":"closed","template":"","meta":[],"product_cat":[1240,89],"product_tag":[],"class_list":{"0":"post-52424","1":"product","2":"type-product","3":"status-publish","4":"has-post-thumbnail","6":"product_cat-s-glocken","7":"product_cat-unkategorisiert","8":"tm-has-options","10":"first","11":"instock","12":"taxable","13":"shipping-taxable","14":"purchasable","15":"product-type-simple"},"_links":{"self":[{"href":"https:\/\/bestmarkings.com\/de\/wp-json\/wp\/v2\/product\/52424","targetHints":{"allow":["GET"]}}],"collection":[{"href":"https:\/\/bestmarkings.com\/de\/wp-json\/wp\/v2\/product"}],"about":[{"href":"https:\/\/bestmarkings.com\/de\/wp-json\/wp\/v2\/types\/product"}],"replies":[{"embeddable":true,"href":"https:\/\/bestmarkings.com\/de\/wp-json\/wp\/v2\/comments?post=52424"}],"version-history":[{"count":2,"href":"https:\/\/bestmarkings.com\/de\/wp-json\/wp\/v2\/product\/52424\/revisions"}],"predecessor-version":[{"id":52439,"href":"https:\/\/bestmarkings.com\/de\/wp-json\/wp\/v2\/product\/52424\/revisions\/52439"}],"wp:featuredmedia":[{"embeddable":true,"href":"https:\/\/bestmarkings.com\/de\/wp-json\/wp\/v2\/media\/52433"}],"wp:attachment":[{"href":"https:\/\/bestmarkings.com\/de\/wp-json\/wp\/v2\/media?parent=52424"}],"wp:term":[{"taxonomy":"product_cat","embeddable":true,"href":"https:\/\/bestmarkings.com\/de\/wp-json\/wp\/v2\/product_cat?post=52424"},{"taxonomy":"product_tag","embeddable":true,"href":"https:\/\/bestmarkings.com\/de\/wp-json\/wp\/v2\/product_tag?post=52424"}],"curies":[{"name":"wp","href":"https:\/\/api.w.org\/{rel}","templated":true}]}}