{"id":52401,"date":"2024-12-22T15:44:13","date_gmt":"2024-12-22T15:44:13","guid":{"rendered":"https:\/\/bestmarkings.com\/?post_type=product&#038;p=52401"},"modified":"2024-12-22T16:30:47","modified_gmt":"2024-12-22T16:30:47","slug":"glocke-klein-55-x-50mm-copy-copy-copy-copy-copy-copy-copy-copy-copy-copy-copy-copy-copy-copy-copy-copy-copy-copy-copy-copy-copy-copy-copy-copy-copy-c-2","status":"publish","type":"product","link":"https:\/\/bestmarkings.com\/de\/produkt\/glocke-klein-55-x-50mm-copy-copy-copy-copy-copy-copy-copy-copy-copy-copy-copy-copy-copy-copy-copy-copy-copy-copy-copy-copy-copy-copy-copy-copy-copy-c-2\/","title":{"rendered":"Glockenturm geschwungen mit Relief"},"content":{"rendered":"<p><span class=\"Y2IQFc\" lang=\"en\">Parameter:  <\/span><\/p>\n<p><span class=\"Y2IQFc\" lang=\"en\">H\u00f6he 190 mm  <\/span><\/p>\n<p><span class=\"Y2IQFc\" lang=\"en\">Breite 210 mm<\/span><\/p>\n<p>Tiefe 160 mm<\/p>\n<p><span class=\"Y2IQFc\" lang=\"en\">Gewicht ca. 1,1 kg  <\/span><\/p>\n<p><span class=\"Y2IQFc\" lang=\"en\">Material: Bronze, Eisen, Messing<\/span><\/p>\n<p id=\"tw-target-text\" class=\"tw-data-text tw-text-large tw-ta\" dir=\"ltr\" data-placeholder=\"\u00dcbersetzung\" data-ved=\"2ahUKEwis0sWAzLmKAxV4gf0HHbY9MIAQ3ewLegQICRAU\" aria-label=\"\u00dcbersetzter Text: The curly belfry, made of bent sheet metal, is equipped with a bell with the name Ital velgii with a relief. For easy ringing, a pull rod is included, which is made of brass wire. This belfry can be considered a garden bell, but it is not excluded that it can be placed in the interior of your home or cottage. The bell is protected by a roof and therefore the bell can be placed basically anywhere. For an additional fee, we will make an inscription on the bell for you according to your wishes or any logo. If you are interested in your own relief, do not order the product here on the e-shop, but contact us to specify your requirements and price\"><span class=\"Y2IQFc\" lang=\"en\">Der geschwungene Glockenturm aus gebogenem Blech ist mit einer Glocke mit dem Namen Ital velgii mit einem Relief ausgestattet. Um das L\u00e4uten zu erleichtern, ist eine Zugstange aus Messingdraht angebracht. Dieser Glockenturm kann als Gartenglocke betrachtet werden, aber es ist nicht ausgeschlossen, dass er auch im Inneren Ihres Hauses oder Ihrer H\u00fctte aufgestellt werden kann. Die Glocke ist durch ein Dach gesch\u00fctzt und kann daher praktisch \u00fcberall aufgestellt werden. Gegen einen Aufpreis k\u00f6nnen wir f\u00fcr Sie eine Inschrift nach Ihren W\u00fcnschen oder ein Logo auf der Glocke anbringen.     Wenn Sie an einem eigenen Relief interessiert sind, bestellen Sie das Produkt nicht hier im E-Shop, sondern setzen Sie sich mit uns in Verbindung, um Ihre Anforderungen und den Preis anzugeben<\/span><\/p>\n","protected":false},"excerpt":{"rendered":"<p>Parameter: H\u00f6he 190 mm Breite 210 mm Tiefe 160 mm Gewicht ca. 1,1 kg Material: Bronze, Eisen, Messing Der geschwungene<\/p>\n","protected":false},"featured_media":52405,"comment_status":"closed","ping_status":"closed","template":"","meta":[],"product_cat":[1240,89],"product_tag":[],"class_list":{"0":"post-52401","1":"product","2":"type-product","3":"status-publish","4":"has-post-thumbnail","6":"product_cat-s-glocken","7":"product_cat-unkategorisiert","8":"tm-has-options","10":"first","11":"instock","12":"taxable","13":"shipping-taxable","14":"purchasable","15":"product-type-simple"},"_links":{"self":[{"href":"https:\/\/bestmarkings.com\/de\/wp-json\/wp\/v2\/product\/52401","targetHints":{"allow":["GET"]}}],"collection":[{"href":"https:\/\/bestmarkings.com\/de\/wp-json\/wp\/v2\/product"}],"about":[{"href":"https:\/\/bestmarkings.com\/de\/wp-json\/wp\/v2\/types\/product"}],"replies":[{"embeddable":true,"href":"https:\/\/bestmarkings.com\/de\/wp-json\/wp\/v2\/comments?post=52401"}],"version-history":[{"count":2,"href":"https:\/\/bestmarkings.com\/de\/wp-json\/wp\/v2\/product\/52401\/revisions"}],"predecessor-version":[{"id":52440,"href":"https:\/\/bestmarkings.com\/de\/wp-json\/wp\/v2\/product\/52401\/revisions\/52440"}],"wp:featuredmedia":[{"embeddable":true,"href":"https:\/\/bestmarkings.com\/de\/wp-json\/wp\/v2\/media\/52405"}],"wp:attachment":[{"href":"https:\/\/bestmarkings.com\/de\/wp-json\/wp\/v2\/media?parent=52401"}],"wp:term":[{"taxonomy":"product_cat","embeddable":true,"href":"https:\/\/bestmarkings.com\/de\/wp-json\/wp\/v2\/product_cat?post=52401"},{"taxonomy":"product_tag","embeddable":true,"href":"https:\/\/bestmarkings.com\/de\/wp-json\/wp\/v2\/product_tag?post=52401"}],"curies":[{"name":"wp","href":"https:\/\/api.w.org\/{rel}","templated":true}]}}