{"id":52364,"date":"2024-12-22T15:21:43","date_gmt":"2024-12-22T15:21:43","guid":{"rendered":"https:\/\/bestmarkings.com\/?post_type=product&#038;p=52364"},"modified":"2024-12-22T16:39:28","modified_gmt":"2024-12-22T16:39:28","slug":"glocke-klein-55-x-50mm-copy-copy-copy-copy-copy-copy-copy-copy-copy-copy-copy-copy-copy-copy-copy-copy-copy-copy-copy-copy-copy-copy-copy-copy-copy","status":"publish","type":"product","link":"https:\/\/bestmarkings.com\/de\/produkt\/glocke-klein-55-x-50mm-copy-copy-copy-copy-copy-copy-copy-copy-copy-copy-copy-copy-copy-copy-copy-copy-copy-copy-copy-copy-copy-copy-copy-copy-copy\/","title":{"rendered":"Seitlicher Glockenturm"},"content":{"rendered":"<p><span class=\"Y2IQFc\" lang=\"en\">Parameter:  <\/span><\/p>\n<p><span class=\"Y2IQFc\" lang=\"en\">H\u00f6he 280 mm  <\/span><\/p>\n<p><span class=\"Y2IQFc\" lang=\"en\">Breite 140 mm<\/span><\/p>\n<p>Tiefe 130 mm<\/p>\n<p><span class=\"Y2IQFc\" lang=\"en\">Gewicht ca. 1 kg  <\/span><\/p>\n<p><span class=\"Y2IQFc\" lang=\"en\">Material: Bronze, Eisen, Messing<\/span><\/p>\n<p id=\"tw-target-text\" class=\"tw-data-text tw-text-large tw-ta\" dir=\"ltr\" data-placeholder=\"\u00dcbersetzung\" data-ved=\"2ahUKEwis0sWAzLmKAxV4gf0HHbY9MIAQ3ewLegQICRAU\" aria-label=\"\u00dcbersetzter Text: The side belfry, made of bent sheet metal, is equipped with a bell called the Big Italian. For easy ringing, a pull rod is included, which is made of brass wire. This belfry can be considered a garden bell, but it is not excluded that it can be placed in the interior of your home or cottage. The bell is protected by a roof and therefore the bell can be placed basically anywhere.\"><span class=\"Y2IQFc\" lang=\"en\">Der seitliche Glockenturm aus gebogenem Blech ist mit einer Glocke namens Big Italian ausgestattet. Zum einfachen L\u00e4uten wird eine Zugstange aus Messingdraht mitgeliefert. Dieser Glockenturm kann als Gartenglocke betrachtet werden, aber es ist nicht ausgeschlossen, dass er auch im Inneren Ihres Hauses oder Ihrer H\u00fctte aufgestellt werden kann. Die Glocke ist durch ein Dach gesch\u00fctzt und kann daher praktisch \u00fcberall platziert werden.<\/span><\/p>\n<p id=\"tw-target-text\" class=\"tw-data-text tw-text-large tw-ta\" dir=\"ltr\" data-placeholder=\"\u00dcbersetzung\" data-ved=\"2ahUKEwis0sWAzLmKAxV4gf0HHbY9MIAQ3ewLegQICRAU\" aria-label=\"\u00dcbersetzter Text: For an additional fee, we will make an inscription on the bell for you according to your wishes or any logo.\"><span class=\"Y2IQFc\" lang=\"en\">Gegen einen Aufpreis k\u00f6nnen wir die Glocke nach Ihren W\u00fcnschen beschriften oder ein Logo anbringen.<\/span><\/p>\n","protected":false},"excerpt":{"rendered":"<p>Parameter: H\u00f6he 280 mm Breite 140 mm Tiefe 130 mm Gewicht ca. 1 kg Material: Bronze, Eisen, Messing Der seitliche<\/p>\n","protected":false},"featured_media":52375,"comment_status":"closed","ping_status":"closed","template":"","meta":[],"product_cat":[1240,89],"product_tag":[],"class_list":{"0":"post-52364","1":"product","2":"type-product","3":"status-publish","4":"has-post-thumbnail","6":"product_cat-s-glocken","7":"product_cat-unkategorisiert","8":"tm-has-options","10":"first","11":"instock","12":"taxable","13":"shipping-taxable","14":"purchasable","15":"product-type-simple"},"_links":{"self":[{"href":"https:\/\/bestmarkings.com\/de\/wp-json\/wp\/v2\/product\/52364","targetHints":{"allow":["GET"]}}],"collection":[{"href":"https:\/\/bestmarkings.com\/de\/wp-json\/wp\/v2\/product"}],"about":[{"href":"https:\/\/bestmarkings.com\/de\/wp-json\/wp\/v2\/types\/product"}],"replies":[{"embeddable":true,"href":"https:\/\/bestmarkings.com\/de\/wp-json\/wp\/v2\/comments?post=52364"}],"version-history":[{"count":2,"href":"https:\/\/bestmarkings.com\/de\/wp-json\/wp\/v2\/product\/52364\/revisions"}],"predecessor-version":[{"id":52472,"href":"https:\/\/bestmarkings.com\/de\/wp-json\/wp\/v2\/product\/52364\/revisions\/52472"}],"wp:featuredmedia":[{"embeddable":true,"href":"https:\/\/bestmarkings.com\/de\/wp-json\/wp\/v2\/media\/52375"}],"wp:attachment":[{"href":"https:\/\/bestmarkings.com\/de\/wp-json\/wp\/v2\/media?parent=52364"}],"wp:term":[{"taxonomy":"product_cat","embeddable":true,"href":"https:\/\/bestmarkings.com\/de\/wp-json\/wp\/v2\/product_cat?post=52364"},{"taxonomy":"product_tag","embeddable":true,"href":"https:\/\/bestmarkings.com\/de\/wp-json\/wp\/v2\/product_tag?post=52364"}],"curies":[{"name":"wp","href":"https:\/\/api.w.org\/{rel}","templated":true}]}}