{"id":52258,"date":"2024-12-22T11:05:19","date_gmt":"2024-12-22T11:05:19","guid":{"rendered":"https:\/\/bestmarkings.com\/?post_type=product&#038;p=52258"},"modified":"2024-12-22T16:37:12","modified_gmt":"2024-12-22T16:37:12","slug":"glocke-klein-55-x-50mm-copy-copy-copy-copy-copy-copy-copy-copy-copy-copy-copy-copy-copy-copy-copy-copy","status":"publish","type":"product","link":"https:\/\/bestmarkings.com\/de\/produkt\/glocke-klein-55-x-50mm-copy-copy-copy-copy-copy-copy-copy-copy-copy-copy-copy-copy-copy-copy-copy-copy\/","title":{"rendered":"Glocke 190 x 180mm"},"content":{"rendered":"<p><span class=\"Y2IQFc\" lang=\"en\">Parameter: H\u00f6he 190 mm Breite 180 mm Gewicht ca. 4600g Material Bronze, Haut, Eisen<\/span><\/p>\n<p id=\"tw-target-text\" class=\"tw-data-text tw-text-large tw-ta\" dir=\"ltr\" data-placeholder=\"\u00dcbersetzung\" data-ved=\"2ahUKEwis0sWAzLmKAxV4gf0HHbY9MIAQ3ewLegQICRAU\" aria-label=\"\u00dcbersetzter Text: A bronze belfry bell with a patina and a forged heart is suitable for a garden belfry or a community chapel. For an additional fee, the bell can be decorated with an inscription, year, symbol of the municipality and other motifs. By default, however, it is always unadorned.\"><span class=\"Y2IQFc\" lang=\"en\">Eine Glocke aus Bronze mit Patina und geschmiedetem Herz eignet sich f\u00fcr einen Gartenglockenturm oder eine Gemeindekapelle. Gegen eine zus\u00e4tzliche Geb\u00fchr kann die Glocke mit einer Inschrift, der Jahreszahl, dem Symbol der Gemeinde und anderen Motiven verziert werden. In der Standardeinstellung ist sie jedoch immer schmucklos.<\/span><\/p>\n","protected":false},"excerpt":{"rendered":"<p>Parameter: H\u00f6he 190 mm Breite 180 mm Gewicht ca. 4600g Material Bronze, Haut, Eisen Eine Glocke aus Bronze mit Patina<\/p>\n","protected":false},"featured_media":52268,"comment_status":"closed","ping_status":"closed","template":"","meta":[],"product_cat":[1240,89],"product_tag":[],"class_list":{"0":"post-52258","1":"product","2":"type-product","3":"status-publish","4":"has-post-thumbnail","6":"product_cat-s-glocken","7":"product_cat-unkategorisiert","8":"tm-has-options","10":"first","11":"instock","12":"taxable","13":"shipping-taxable","14":"purchasable","15":"product-type-simple"},"_links":{"self":[{"href":"https:\/\/bestmarkings.com\/de\/wp-json\/wp\/v2\/product\/52258","targetHints":{"allow":["GET"]}}],"collection":[{"href":"https:\/\/bestmarkings.com\/de\/wp-json\/wp\/v2\/product"}],"about":[{"href":"https:\/\/bestmarkings.com\/de\/wp-json\/wp\/v2\/types\/product"}],"replies":[{"embeddable":true,"href":"https:\/\/bestmarkings.com\/de\/wp-json\/wp\/v2\/comments?post=52258"}],"version-history":[{"count":2,"href":"https:\/\/bestmarkings.com\/de\/wp-json\/wp\/v2\/product\/52258\/revisions"}],"predecessor-version":[{"id":52463,"href":"https:\/\/bestmarkings.com\/de\/wp-json\/wp\/v2\/product\/52258\/revisions\/52463"}],"wp:featuredmedia":[{"embeddable":true,"href":"https:\/\/bestmarkings.com\/de\/wp-json\/wp\/v2\/media\/52268"}],"wp:attachment":[{"href":"https:\/\/bestmarkings.com\/de\/wp-json\/wp\/v2\/media?parent=52258"}],"wp:term":[{"taxonomy":"product_cat","embeddable":true,"href":"https:\/\/bestmarkings.com\/de\/wp-json\/wp\/v2\/product_cat?post=52258"},{"taxonomy":"product_tag","embeddable":true,"href":"https:\/\/bestmarkings.com\/de\/wp-json\/wp\/v2\/product_tag?post=52258"}],"curies":[{"name":"wp","href":"https:\/\/api.w.org\/{rel}","templated":true}]}}