{"id":52209,"date":"2024-12-21T20:59:10","date_gmt":"2024-12-21T20:59:10","guid":{"rendered":"https:\/\/bestmarkings.com\/?post_type=product&#038;p=52209"},"modified":"2024-12-22T16:35:23","modified_gmt":"2024-12-22T16:35:23","slug":"glocke-klein-55-x-50mm-copy-copy-copy-copy-copy-copy-copy-copy-copy-copy-copy","status":"publish","type":"product","link":"https:\/\/bestmarkings.com\/de\/produkt\/glocke-klein-55-x-50mm-copy-copy-copy-copy-copy-copy-copy-copy-copy-copy-copy\/","title":{"rendered":"Glocke 155 x 150mm"},"content":{"rendered":"<p id=\"tw-target-text\" class=\"tw-data-text tw-text-large tw-ta\" dir=\"ltr\" data-placeholder=\"\u00dcbersetzung\" data-ved=\"2ahUKEwiFivvfsrSKAxWbm_0HHbStFLMQ3ewLegQICRAU\" aria-label=\"\u00dcbersetzter Text: Parameters height 60 mm width 32 mm weight approx. 60g Material bronze\"><span class=\"Y2IQFc\" lang=\"en\">Parameter: H\u00f6he 155 mm Breite 150 mm Gewicht ca. 2400g Material Bronze, Haut, Eisen<\/span><\/p>\n<p id=\"tw-target-text\" class=\"tw-data-text tw-text-large tw-ta\" dir=\"ltr\" data-placeholder=\"\u00dcbersetzung\" data-ved=\"2ahUKEwis0sWAzLmKAxV4gf0HHbY9MIAQ3ewLegQICRAU\" aria-label=\"\u00dcbersetzter Text: The Y-type bell is a bell that, due to its size, fits into a garden bell tower. Its sound is very distinctive and constant. It can also be used as a ship bell, pub bell, company bell, scout bell, alarm bell or summoning bell. The bell is produced in a matte finish. An imprint of a sand mold is preserved on its surface. The forged heart is equipped with black braided beef tubing for easy ringing of the hanging bell.\"><span class=\"Y2IQFc\" lang=\"en\">Die Y-Typ-Glocke ist eine Glocke, die aufgrund ihrer Gr\u00f6\u00dfe in einen Gartenglockenturm passt. Sein Klang ist sehr markant und konstant. Sie kann auch als Schiffsglocke, Kneipenglocke, Firmenglocke, Pfadfinderglocke, Alarmglocke oder Rufglocke verwendet werden. Die Glocke ist in einer matten Ausf\u00fchrung hergestellt. Ein Abdruck einer Sandform ist auf der Oberfl\u00e4che erhalten. Das geschmiedete Herz ist mit einem schwarzen, geflochtenen Rinderschlauch ausgestattet, der das L\u00e4uten der h\u00e4ngenden Glocke erleichtert.<\/span><\/p>\n","protected":false},"excerpt":{"rendered":"<p>Parameter: H\u00f6he 155 mm Breite 150 mm Gewicht ca. 2400g Material Bronze, Haut, Eisen Die Y-Typ-Glocke ist eine Glocke, die<\/p>\n","protected":false},"featured_media":52213,"comment_status":"closed","ping_status":"closed","template":"","meta":[],"product_cat":[1240,89],"product_tag":[],"class_list":{"0":"post-52209","1":"product","2":"type-product","3":"status-publish","4":"has-post-thumbnail","6":"product_cat-s-glocken","7":"product_cat-unkategorisiert","8":"tm-has-options","10":"first","11":"instock","12":"taxable","13":"shipping-taxable","14":"purchasable","15":"product-type-simple"},"_links":{"self":[{"href":"https:\/\/bestmarkings.com\/de\/wp-json\/wp\/v2\/product\/52209","targetHints":{"allow":["GET"]}}],"collection":[{"href":"https:\/\/bestmarkings.com\/de\/wp-json\/wp\/v2\/product"}],"about":[{"href":"https:\/\/bestmarkings.com\/de\/wp-json\/wp\/v2\/types\/product"}],"replies":[{"embeddable":true,"href":"https:\/\/bestmarkings.com\/de\/wp-json\/wp\/v2\/comments?post=52209"}],"version-history":[{"count":2,"href":"https:\/\/bestmarkings.com\/de\/wp-json\/wp\/v2\/product\/52209\/revisions"}],"predecessor-version":[{"id":52457,"href":"https:\/\/bestmarkings.com\/de\/wp-json\/wp\/v2\/product\/52209\/revisions\/52457"}],"wp:featuredmedia":[{"embeddable":true,"href":"https:\/\/bestmarkings.com\/de\/wp-json\/wp\/v2\/media\/52213"}],"wp:attachment":[{"href":"https:\/\/bestmarkings.com\/de\/wp-json\/wp\/v2\/media?parent=52209"}],"wp:term":[{"taxonomy":"product_cat","embeddable":true,"href":"https:\/\/bestmarkings.com\/de\/wp-json\/wp\/v2\/product_cat?post=52209"},{"taxonomy":"product_tag","embeddable":true,"href":"https:\/\/bestmarkings.com\/de\/wp-json\/wp\/v2\/product_tag?post=52209"}],"curies":[{"name":"wp","href":"https:\/\/api.w.org\/{rel}","templated":true}]}}