{"id":52180,"date":"2024-12-21T20:42:11","date_gmt":"2024-12-21T20:42:11","guid":{"rendered":"https:\/\/bestmarkings.com\/?post_type=product&#038;p=52180"},"modified":"2024-12-22T16:34:29","modified_gmt":"2024-12-22T16:34:29","slug":"glocke-klein-55-x-50mm-copy-copy-copy-copy-copy-copy-copy-copy","status":"publish","type":"product","link":"https:\/\/bestmarkings.com\/de\/produkt\/glocke-klein-55-x-50mm-copy-copy-copy-copy-copy-copy-copy-copy\/","title":{"rendered":"Glocke 125 x 120mm"},"content":{"rendered":"<p id=\"tw-target-text\" class=\"tw-data-text tw-text-large tw-ta\" dir=\"ltr\" data-placeholder=\"\u00dcbersetzung\" data-ved=\"2ahUKEwiFivvfsrSKAxWbm_0HHbStFLMQ3ewLegQICRAU\" aria-label=\"\u00dcbersetzter Text: Parameters height 60 mm width 32 mm weight approx. 60g Material bronze\"><span class=\"Y2IQFc\" lang=\"en\">Parameter: H\u00f6he 125 mm Breite 120 mm Gewicht ca. 1100g Material Bronze, Haut, Eisen <\/span><\/p>\n<p id=\"tw-target-text\" class=\"tw-data-text tw-text-large tw-ta\" dir=\"ltr\" data-placeholder=\"\u00dcbersetzung\" data-ved=\"2ahUKEwis0sWAzLmKAxV4gf0HHbY9MIAQ3ewLegQICRAU\" aria-label=\"\u00dcbersetzter Text: The bronze bell \u00d8 120 cm with a knitted heart is intended for hanging in the space. As standard, the bell is produced in a matte finish with a patina and a polished edge. For an additional fee, we can make an inscription of your wish or any logo on the bell. If you are interested in your own relief, do not order the product here on the e-shop, but to specify your requirements and the price, contact us\"><span class=\"Y2IQFc\" lang=\"en\">Die Bronzeglocke \u00d8 120 cm mit einem gestrickten Herz ist zum Aufh\u00e4ngen im Raum gedacht. Standardm\u00e4\u00dfig wird die Glocke in einer matten Ausf\u00fchrung mit Patina und poliertem Rand hergestellt. Gegen einen Aufpreis k\u00f6nnen wir die Glocke mit Ihrer Wunschinschrift oder einem beliebigen Logo versehen.   Wenn Sie an einem eigenen Relief interessiert sind, bestellen Sie das Produkt nicht hier im E-Shop, sondern kontaktieren Sie uns, um Ihre Anforderungen und den Preis zu spezifizieren.<\/span><\/p>\n","protected":false},"excerpt":{"rendered":"<p>Parameter: H\u00f6he 125 mm Breite 120 mm Gewicht ca. 1100g Material Bronze, Haut, Eisen Die Bronzeglocke \u00d8 120 cm mit<\/p>\n","protected":false},"featured_media":52184,"comment_status":"closed","ping_status":"closed","template":"","meta":[],"product_cat":[1240,89],"product_tag":[],"class_list":{"0":"post-52180","1":"product","2":"type-product","3":"status-publish","4":"has-post-thumbnail","6":"product_cat-s-glocken","7":"product_cat-unkategorisiert","8":"tm-has-options","10":"first","11":"instock","12":"taxable","13":"shipping-taxable","14":"purchasable","15":"product-type-simple"},"_links":{"self":[{"href":"https:\/\/bestmarkings.com\/de\/wp-json\/wp\/v2\/product\/52180","targetHints":{"allow":["GET"]}}],"collection":[{"href":"https:\/\/bestmarkings.com\/de\/wp-json\/wp\/v2\/product"}],"about":[{"href":"https:\/\/bestmarkings.com\/de\/wp-json\/wp\/v2\/types\/product"}],"replies":[{"embeddable":true,"href":"https:\/\/bestmarkings.com\/de\/wp-json\/wp\/v2\/comments?post=52180"}],"version-history":[{"count":2,"href":"https:\/\/bestmarkings.com\/de\/wp-json\/wp\/v2\/product\/52180\/revisions"}],"predecessor-version":[{"id":52454,"href":"https:\/\/bestmarkings.com\/de\/wp-json\/wp\/v2\/product\/52180\/revisions\/52454"}],"wp:featuredmedia":[{"embeddable":true,"href":"https:\/\/bestmarkings.com\/de\/wp-json\/wp\/v2\/media\/52184"}],"wp:attachment":[{"href":"https:\/\/bestmarkings.com\/de\/wp-json\/wp\/v2\/media?parent=52180"}],"wp:term":[{"taxonomy":"product_cat","embeddable":true,"href":"https:\/\/bestmarkings.com\/de\/wp-json\/wp\/v2\/product_cat?post=52180"},{"taxonomy":"product_tag","embeddable":true,"href":"https:\/\/bestmarkings.com\/de\/wp-json\/wp\/v2\/product_tag?post=52180"}],"curies":[{"name":"wp","href":"https:\/\/api.w.org\/{rel}","templated":true}]}}