{"id":52171,"date":"2024-12-21T20:36:41","date_gmt":"2024-12-21T20:36:41","guid":{"rendered":"https:\/\/bestmarkings.com\/?post_type=product&#038;p=52171"},"modified":"2024-12-22T16:34:17","modified_gmt":"2024-12-22T16:34:17","slug":"glocke-klein-55-x-50mm-copy-copy-copy-copy-copy-copy-copy","status":"publish","type":"product","link":"https:\/\/bestmarkings.com\/de\/produkt\/glocke-klein-55-x-50mm-copy-copy-copy-copy-copy-copy-copy\/","title":{"rendered":"Glocke 95 x 95mm"},"content":{"rendered":"<p id=\"tw-target-text\" class=\"tw-data-text tw-text-large tw-ta\" dir=\"ltr\" data-placeholder=\"\u00dcbersetzung\" data-ved=\"2ahUKEwiFivvfsrSKAxWbm_0HHbStFLMQ3ewLegQICRAU\" aria-label=\"\u00dcbersetzter Text: Parameters height 60 mm width 32 mm weight approx. 60g Material bronze\"><span class=\"Y2IQFc\" lang=\"en\">Parameter: H\u00f6he 95 mm Breite 95 mm Gewicht ca. 500g Material Bronze, Haut, Eisen<\/span><\/p>\n<p id=\"tw-target-text\" class=\"tw-data-text tw-text-large tw-ta\" dir=\"ltr\" data-placeholder=\"\u00dcbersetzung\" data-ved=\"2ahUKEwis0sWAzLmKAxV4gf0HHbY9MIAQ3ewLegQICRAU\" aria-label=\"\u00dcbersetzter Text: The large bronze bell with relief and braided heart is the smallest in the category of medium bells, but due to its distinctive sound it is predestined for use in wall bells and for hanging in various types of consoles or even independently in the space. In Italian, you can easily command the attention of others in a company or summon the family from all corners of the garden. The bell is produced in a matte finish with patina and decorative ornaments. The patina combined with the polished relief makes this bell a luxurious gift. For an additional fee, we will make an inscription on the bell for you according to your wishes or any logo. If you are interested in your own relief, do not order the product here on the e-shop, but to specify your requirements and the price, contact us\"><span class=\"Y2IQFc\" lang=\"en\">Die gro\u00dfe Bronzeglocke mit Relief und geflochtenem Herz ist die kleinste in der Kategorie der mittelgro\u00dfen Glocken, aber aufgrund ihres unverwechselbaren Klangs ist sie pr\u00e4destiniert f\u00fcr die Verwendung als Wandglocke und zum Aufh\u00e4ngen in verschiedenen Arten von Konsolen oder sogar unabh\u00e4ngig im Raum. Auf Italienisch k\u00f6nnen Sie leicht die Aufmerksamkeit der anderen in einer Gesellschaft auf sich ziehen oder die Familie aus allen Ecken des Gartens herbeirufen. Die Glocke ist in einer matten Ausf\u00fchrung mit Patina und dekorativen Ornamenten gefertigt. Die Patina in Kombination mit dem polierten Relief macht diese Glocke zu einem luxuri\u00f6sen Geschenk. Gegen einen Aufpreis k\u00f6nnen wir die Glocke nach Ihren W\u00fcnschen beschriften oder ein Logo anbringen. Wenn Sie an einem eigenen Relief interessiert sind, bestellen Sie das Produkt nicht hier im E-Shop, sondern kontaktieren Sie uns, um Ihre Anforderungen und den Preis zu spezifizieren.<\/span><\/p>\n","protected":false},"excerpt":{"rendered":"<p>Parameter: H\u00f6he 95 mm Breite 95 mm Gewicht ca. 500g Material Bronze, Haut, Eisen Die gro\u00dfe Bronzeglocke mit Relief und<\/p>\n","protected":false},"featured_media":52175,"comment_status":"closed","ping_status":"closed","template":"","meta":[],"product_cat":[1240,89],"product_tag":[],"class_list":{"0":"post-52171","1":"product","2":"type-product","3":"status-publish","4":"has-post-thumbnail","6":"product_cat-s-glocken","7":"product_cat-unkategorisiert","8":"tm-has-options","10":"first","11":"instock","12":"taxable","13":"shipping-taxable","14":"purchasable","15":"product-type-simple"},"_links":{"self":[{"href":"https:\/\/bestmarkings.com\/de\/wp-json\/wp\/v2\/product\/52171","targetHints":{"allow":["GET"]}}],"collection":[{"href":"https:\/\/bestmarkings.com\/de\/wp-json\/wp\/v2\/product"}],"about":[{"href":"https:\/\/bestmarkings.com\/de\/wp-json\/wp\/v2\/types\/product"}],"replies":[{"embeddable":true,"href":"https:\/\/bestmarkings.com\/de\/wp-json\/wp\/v2\/comments?post=52171"}],"version-history":[{"count":2,"href":"https:\/\/bestmarkings.com\/de\/wp-json\/wp\/v2\/product\/52171\/revisions"}],"predecessor-version":[{"id":52453,"href":"https:\/\/bestmarkings.com\/de\/wp-json\/wp\/v2\/product\/52171\/revisions\/52453"}],"wp:featuredmedia":[{"embeddable":true,"href":"https:\/\/bestmarkings.com\/de\/wp-json\/wp\/v2\/media\/52175"}],"wp:attachment":[{"href":"https:\/\/bestmarkings.com\/de\/wp-json\/wp\/v2\/media?parent=52171"}],"wp:term":[{"taxonomy":"product_cat","embeddable":true,"href":"https:\/\/bestmarkings.com\/de\/wp-json\/wp\/v2\/product_cat?post=52171"},{"taxonomy":"product_tag","embeddable":true,"href":"https:\/\/bestmarkings.com\/de\/wp-json\/wp\/v2\/product_tag?post=52171"}],"curies":[{"name":"wp","href":"https:\/\/api.w.org\/{rel}","templated":true}]}}