{"id":52162,"date":"2024-12-21T20:29:32","date_gmt":"2024-12-21T20:29:32","guid":{"rendered":"https:\/\/bestmarkings.com\/?post_type=product&#038;p=52162"},"modified":"2024-12-22T16:34:03","modified_gmt":"2024-12-22T16:34:03","slug":"glocke-klein-55-x-50mm-copy-copy-copy-copy-copy-copy-3","status":"publish","type":"product","link":"https:\/\/bestmarkings.com\/de\/produkt\/glocke-klein-55-x-50mm-copy-copy-copy-copy-copy-copy-3\/","title":{"rendered":"Glocke 95 x 95mm"},"content":{"rendered":"<p id=\"tw-target-text\" class=\"tw-data-text tw-text-large tw-ta\" dir=\"ltr\" data-placeholder=\"\u00dcbersetzung\" data-ved=\"2ahUKEwiFivvfsrSKAxWbm_0HHbStFLMQ3ewLegQICRAU\" aria-label=\"\u00dcbersetzter Text: Parameters height 60 mm width 32 mm weight approx. 60g Material bronze\"><span class=\"Y2IQFc\" lang=\"en\">Parameter: H\u00f6he 95 mm Breite 95 mm Gewicht ca. 500g Material Bronze, Haut, Eisen<\/span><\/p>\n<p id=\"tw-target-text\" class=\"tw-data-text tw-text-large tw-ta\" dir=\"ltr\" data-placeholder=\"\u00dcbersetzung\" data-ved=\"2ahUKEwis0sWAzLmKAxV4gf0HHbY9MIAQ3ewLegQICRAU\" aria-label=\"\u00dcbersetzter Text: The large bronze bell with a braided heart is the smallest in the category of medium bells, but due to its distinctive sound, it is predestined for use in wall chimes and for hanging in various types of consoles or even independently in the space. In Italian, you can easily command the attention of others in a company or summon the family from all corners of the garden. The bell is produced in a matte finish. An imprint of a sand mold is preserved on its surface. The forged heart is equipped with black braided beef tubing for easy ringing of the hanging bell. If you are interested in a glossy finish, contact us\"><span class=\"Y2IQFc\" lang=\"en\">Die gro\u00dfe Bronzeglocke mit geflochtenem Herz ist die kleinste in der Kategorie der mittelgro\u00dfen Glocken, aber aufgrund ihres unverwechselbaren Klangs ist sie pr\u00e4destiniert f\u00fcr die Verwendung als Wandglockenspiel und zum Aufh\u00e4ngen in verschiedenen Arten von Konsolen oder sogar unabh\u00e4ngig im Raum. Auf Italienisch k\u00f6nnen Sie leicht die Aufmerksamkeit der anderen in einer Gesellschaft auf sich ziehen oder die Familie aus allen Ecken des Gartens herbeirufen. Die Glocke ist in einer matten Ausf\u00fchrung hergestellt. Ein Abdruck einer Sandform ist auf der Oberfl\u00e4che erhalten. Das geschmiedete Herz ist mit einem schwarzen, geflochtenen Rinderschlauch ausgestattet, der das L\u00e4uten der h\u00e4ngenden Glocke erleichtert. Wenn Sie an einer gl\u00e4nzenden Oberfl\u00e4che interessiert sind, kontaktieren Sie uns<\/span><\/p>\n","protected":false},"excerpt":{"rendered":"<p>Parameter: H\u00f6he 95 mm Breite 95 mm Gewicht ca. 500g Material Bronze, Haut, Eisen Die gro\u00dfe Bronzeglocke mit geflochtenem Herz<\/p>\n","protected":false},"featured_media":52166,"comment_status":"closed","ping_status":"closed","template":"","meta":[],"product_cat":[1240,89],"product_tag":[],"class_list":{"0":"post-52162","1":"product","2":"type-product","3":"status-publish","4":"has-post-thumbnail","6":"product_cat-s-glocken","7":"product_cat-unkategorisiert","8":"tm-has-options","10":"first","11":"instock","12":"taxable","13":"shipping-taxable","14":"purchasable","15":"product-type-simple"},"_links":{"self":[{"href":"https:\/\/bestmarkings.com\/de\/wp-json\/wp\/v2\/product\/52162","targetHints":{"allow":["GET"]}}],"collection":[{"href":"https:\/\/bestmarkings.com\/de\/wp-json\/wp\/v2\/product"}],"about":[{"href":"https:\/\/bestmarkings.com\/de\/wp-json\/wp\/v2\/types\/product"}],"replies":[{"embeddable":true,"href":"https:\/\/bestmarkings.com\/de\/wp-json\/wp\/v2\/comments?post=52162"}],"version-history":[{"count":2,"href":"https:\/\/bestmarkings.com\/de\/wp-json\/wp\/v2\/product\/52162\/revisions"}],"predecessor-version":[{"id":52452,"href":"https:\/\/bestmarkings.com\/de\/wp-json\/wp\/v2\/product\/52162\/revisions\/52452"}],"wp:featuredmedia":[{"embeddable":true,"href":"https:\/\/bestmarkings.com\/de\/wp-json\/wp\/v2\/media\/52166"}],"wp:attachment":[{"href":"https:\/\/bestmarkings.com\/de\/wp-json\/wp\/v2\/media?parent=52162"}],"wp:term":[{"taxonomy":"product_cat","embeddable":true,"href":"https:\/\/bestmarkings.com\/de\/wp-json\/wp\/v2\/product_cat?post=52162"},{"taxonomy":"product_tag","embeddable":true,"href":"https:\/\/bestmarkings.com\/de\/wp-json\/wp\/v2\/product_tag?post=52162"}],"curies":[{"name":"wp","href":"https:\/\/api.w.org\/{rel}","templated":true}]}}