{"id":52153,"date":"2024-12-21T19:28:00","date_gmt":"2024-12-21T19:28:00","guid":{"rendered":"https:\/\/bestmarkings.com\/?post_type=product&#038;p=52153"},"modified":"2024-12-22T16:33:50","modified_gmt":"2024-12-22T16:33:50","slug":"glocke-klein-55-x-50mm-copy-copy-copy-copy-copy-copy-2","status":"publish","type":"product","link":"https:\/\/bestmarkings.com\/de\/produkt\/glocke-klein-55-x-50mm-copy-copy-copy-copy-copy-copy-2\/","title":{"rendered":"Glocke 95 x 95mm"},"content":{"rendered":"<p id=\"tw-target-text\" class=\"tw-data-text tw-text-large tw-ta\" dir=\"ltr\" data-placeholder=\"\u00dcbersetzung\" data-ved=\"2ahUKEwiFivvfsrSKAxWbm_0HHbStFLMQ3ewLegQICRAU\" aria-label=\"\u00dcbersetzter Text: Parameters height 60 mm width 32 mm weight approx. 60g Material bronze\"><span class=\"Y2IQFc\" lang=\"en\">Parameter: H\u00f6he 95 mm Breite 95 mm Gewicht ca. 500g Material Bronze, Holz<\/span><\/p>\n<p id=\"tw-target-text\" class=\"tw-data-text tw-text-large tw-ta\" dir=\"ltr\" data-placeholder=\"\u00dcbersetzung\" data-ved=\"2ahUKEwis0sWAzLmKAxV4gf0HHbY9MIAQ3ewLegQICRAU\" aria-label=\"\u00dcbersetzter Text: The large bronze bell with handle and relief is the smallest in the category of medium bells, but its strong and distinctive sound is suitable, thanks to the easy grasping of the wooden lacquered handle, for example for summoning and attracting attention in the collective. It is often used as an alternative to the school bell. The bell is produced in a matte finish with patina and decorative ornaments. The patina combined with the polished relief makes this bell a luxurious gift. For an additional fee, we will make an inscription on the bell for you according to your wishes or any logo. If you are interested in your own relief, do not order the product here on the e-shop, but to specify your requirements and the price, contact us\"><span class=\"Y2IQFc\" lang=\"en\">Die gro\u00dfe Bronzeglocke mit Griff und Relief ist die kleinste in der Kategorie der mittelgro\u00dfen Glocken, aber ihr kr\u00e4ftiger und unverwechselbarer Klang eignet sich dank des leicht zu greifenden, lackierten Holzgriffs zum Beispiel f\u00fcr das Rufen und Erregen von Aufmerksamkeit im Kollektiv. Sie wird oft als Alternative zur Schulglocke verwendet. Die Glocke wird in einer matten Ausf\u00fchrung mit Patina und dekorativen Ornamenten hergestellt.   Die Patina in Kombination mit dem polierten Relief macht diese Glocke zu einem luxuri\u00f6sen Geschenk. Gegen einen Aufpreis k\u00f6nnen wir die Glocke nach Ihren W\u00fcnschen beschriften oder ein Logo anbringen. Wenn Sie an einem eigenen Relief interessiert sind, bestellen Sie das Produkt nicht hier im E-Shop, sondern kontaktieren Sie uns, um Ihre Anforderungen und den Preis zu spezifizieren.<\/span><\/p>\n","protected":false},"excerpt":{"rendered":"<p>Parameter: H\u00f6he 95 mm Breite 95 mm Gewicht ca. 500g Material Bronze, Holz Die gro\u00dfe Bronzeglocke mit Griff und Relief<\/p>\n","protected":false},"featured_media":52157,"comment_status":"closed","ping_status":"closed","template":"","meta":[],"product_cat":[1240,89],"product_tag":[],"class_list":{"0":"post-52153","1":"product","2":"type-product","3":"status-publish","4":"has-post-thumbnail","6":"product_cat-s-glocken","7":"product_cat-unkategorisiert","8":"tm-has-options","10":"first","11":"instock","12":"taxable","13":"shipping-taxable","14":"purchasable","15":"product-type-simple"},"_links":{"self":[{"href":"https:\/\/bestmarkings.com\/de\/wp-json\/wp\/v2\/product\/52153","targetHints":{"allow":["GET"]}}],"collection":[{"href":"https:\/\/bestmarkings.com\/de\/wp-json\/wp\/v2\/product"}],"about":[{"href":"https:\/\/bestmarkings.com\/de\/wp-json\/wp\/v2\/types\/product"}],"replies":[{"embeddable":true,"href":"https:\/\/bestmarkings.com\/de\/wp-json\/wp\/v2\/comments?post=52153"}],"version-history":[{"count":2,"href":"https:\/\/bestmarkings.com\/de\/wp-json\/wp\/v2\/product\/52153\/revisions"}],"predecessor-version":[{"id":52451,"href":"https:\/\/bestmarkings.com\/de\/wp-json\/wp\/v2\/product\/52153\/revisions\/52451"}],"wp:featuredmedia":[{"embeddable":true,"href":"https:\/\/bestmarkings.com\/de\/wp-json\/wp\/v2\/media\/52157"}],"wp:attachment":[{"href":"https:\/\/bestmarkings.com\/de\/wp-json\/wp\/v2\/media?parent=52153"}],"wp:term":[{"taxonomy":"product_cat","embeddable":true,"href":"https:\/\/bestmarkings.com\/de\/wp-json\/wp\/v2\/product_cat?post=52153"},{"taxonomy":"product_tag","embeddable":true,"href":"https:\/\/bestmarkings.com\/de\/wp-json\/wp\/v2\/product_tag?post=52153"}],"curies":[{"name":"wp","href":"https:\/\/api.w.org\/{rel}","templated":true}]}}