{"id":52145,"date":"2024-12-19T20:24:35","date_gmt":"2024-12-19T20:24:35","guid":{"rendered":"https:\/\/bestmarkings.com\/?post_type=product&#038;p=52145"},"modified":"2024-12-22T16:33:37","modified_gmt":"2024-12-22T16:33:37","slug":"glocke-klein-55-x-50mm-copy-copy-copy-copy-copy-2","status":"publish","type":"product","link":"https:\/\/bestmarkings.com\/de\/produkt\/glocke-klein-55-x-50mm-copy-copy-copy-copy-copy-2\/","title":{"rendered":"Glocke 165 x 95mm"},"content":{"rendered":"<p id=\"tw-target-text\" class=\"tw-data-text tw-text-large tw-ta\" dir=\"ltr\" data-placeholder=\"\u00dcbersetzung\" data-ved=\"2ahUKEwiFivvfsrSKAxWbm_0HHbStFLMQ3ewLegQICRAU\" aria-label=\"\u00dcbersetzter Text: Parameters height 60 mm width 32 mm weight approx. 60g Material bronze\"><span class=\"Y2IQFc\" lang=\"en\">Parameter: H\u00f6he 165 mm Breite 95 mm Gewicht ca. 500g Material Bronze, Holz<\/span><\/p>\n<p id=\"tw-target-text\" class=\"tw-data-text tw-text-large tw-ta\" dir=\"ltr\" data-placeholder=\"\u00dcbersetzung\" data-ved=\"2ahUKEwiFivvfsrSKAxWbm_0HHbStFLMQ3ewLegQICRAU\" aria-label=\"\u00dcbersetzter Text: We produce the relief bell in a matte form with patina and decorative ornaments. The patina combined with the polished relief makes this bell a luxurious gift. The holder, for an easier grip, is turned from wood and then varnished. The small Ital bell with relief is the smallest bell, for which we can make a relief decoration on request for an additional fee. It can be e.g. name of your loved ones, company logo or date of birth. If you are interested in your own relief, do not order the product here on the e-shop, but to specify your requirements and the price, contact us\"><span class=\"Y2IQFc\" lang=\"en\">Wir produzieren die Reliefglocke in einer matten Form mit Patina und dekorativen Ornamenten. Die Patina in Kombination mit dem polierten Relief macht diese Glocke zu einem luxuri\u00f6sen Geschenk. Die Halterung ist aus Holz gedrechselt und anschlie\u00dfend lackiert, um den Griff zu erleichtern. Die kleine Ital-Glocke mit Relief ist die kleinste Glocke, f\u00fcr die wir auf Wunsch gegen einen Aufpreis eine Reliefverzierung anfertigen k\u00f6nnen. Das kann z.B. der Name Ihrer Angeh\u00f6rigen, ein Firmenlogo oder Ihr Geburtsdatum sein. Wenn Sie an einem eigenen Relief interessiert sind, bestellen Sie das Produkt nicht hier im E-Shop, sondern kontaktieren Sie uns, um Ihre Anforderungen und den Preis zu spezifizieren.<\/span><\/p>\n","protected":false},"excerpt":{"rendered":"<p>Parameter: H\u00f6he 165 mm Breite 95 mm Gewicht ca. 500g Material Bronze, Holz Wir produzieren die Reliefglocke in einer matten<\/p>\n","protected":false},"featured_media":52149,"comment_status":"closed","ping_status":"closed","template":"","meta":[],"product_cat":[1240,89],"product_tag":[],"class_list":{"0":"post-52145","1":"product","2":"type-product","3":"status-publish","4":"has-post-thumbnail","6":"product_cat-s-glocken","7":"product_cat-unkategorisiert","8":"tm-has-options","10":"first","11":"instock","12":"taxable","13":"shipping-taxable","14":"purchasable","15":"product-type-simple"},"_links":{"self":[{"href":"https:\/\/bestmarkings.com\/de\/wp-json\/wp\/v2\/product\/52145","targetHints":{"allow":["GET"]}}],"collection":[{"href":"https:\/\/bestmarkings.com\/de\/wp-json\/wp\/v2\/product"}],"about":[{"href":"https:\/\/bestmarkings.com\/de\/wp-json\/wp\/v2\/types\/product"}],"replies":[{"embeddable":true,"href":"https:\/\/bestmarkings.com\/de\/wp-json\/wp\/v2\/comments?post=52145"}],"version-history":[{"count":2,"href":"https:\/\/bestmarkings.com\/de\/wp-json\/wp\/v2\/product\/52145\/revisions"}],"predecessor-version":[{"id":52450,"href":"https:\/\/bestmarkings.com\/de\/wp-json\/wp\/v2\/product\/52145\/revisions\/52450"}],"wp:featuredmedia":[{"embeddable":true,"href":"https:\/\/bestmarkings.com\/de\/wp-json\/wp\/v2\/media\/52149"}],"wp:attachment":[{"href":"https:\/\/bestmarkings.com\/de\/wp-json\/wp\/v2\/media?parent=52145"}],"wp:term":[{"taxonomy":"product_cat","embeddable":true,"href":"https:\/\/bestmarkings.com\/de\/wp-json\/wp\/v2\/product_cat?post=52145"},{"taxonomy":"product_tag","embeddable":true,"href":"https:\/\/bestmarkings.com\/de\/wp-json\/wp\/v2\/product_tag?post=52145"}],"curies":[{"name":"wp","href":"https:\/\/api.w.org\/{rel}","templated":true}]}}