{"id":52137,"date":"2024-12-19T20:16:20","date_gmt":"2024-12-19T20:16:20","guid":{"rendered":"https:\/\/bestmarkings.com\/?post_type=product&#038;p=52137"},"modified":"2024-12-22T16:33:24","modified_gmt":"2024-12-22T16:33:24","slug":"glocke-klein-55-x-50mm-copy-copy-copy-copy-copy-copy","status":"publish","type":"product","link":"https:\/\/bestmarkings.com\/de\/produkt\/glocke-klein-55-x-50mm-copy-copy-copy-copy-copy-copy\/","title":{"rendered":"Glocke 95 x 95mm"},"content":{"rendered":"<p id=\"tw-target-text\" class=\"tw-data-text tw-text-large tw-ta\" dir=\"ltr\" data-placeholder=\"\u00dcbersetzung\" data-ved=\"2ahUKEwiFivvfsrSKAxWbm_0HHbStFLMQ3ewLegQICRAU\" aria-label=\"\u00dcbersetzter Text: Parameters height 60 mm width 32 mm weight approx. 60g Material bronze\"><span class=\"Y2IQFc\" lang=\"en\">Parameter: H\u00f6he 95 mm Breite 95 mm Gewicht ca. 500g Material Bronze<\/span><\/p>\n<p id=\"tw-target-text\" class=\"tw-data-text tw-text-large tw-ta\" dir=\"ltr\" data-placeholder=\"\u00dcbersetzung\" data-ved=\"2ahUKEwiFivvfsrSKAxWbm_0HHbStFLMQ3ewLegQICRAU\" aria-label=\"\u00dcbersetzter Text: bronzov\u00fd zvon je nejmen\u0161\u00ed v kategorii st\u0159edn\u00edch zvon\u016f, ale pro sv\u016fj v\u00fdrazn\u00fd zvuk je p\u0159edur\u010den k pou\u017eit\u00ed do n\u00e1st\u011bnn\u00fdch zvonk\u016f a k zav\u011b\u0161en\u00ed do r\u016fzn\u00fdch typ\u016f konzol nebo i samostatn\u011b v prostoru. Zvonek se vyr\u00e1b\u00ed v matn\u00e9m proveden\u00ed. Na jeho povrchu je zachov\u00e1n otisk p\u00edskov\u00e9 formy. Pokud m\u00e1te z\u00e1jem o lesklou povrchovou \u00fapravu, kontaktujte n\u00e1s\">Die Bronze-Patina-Glocke ist die kleinste in der Kategorie der mittelgro\u00dfen Glocken, aber aufgrund ihres unverwechselbaren Klangs ist sie pr\u00e4destiniert f\u00fcr die Verwendung als Wandglocke und zum Aufh\u00e4ngen in verschiedenen Arten von Konsolen oder sogar separat im Raum.<\/p>\n<p>Die Glocke ist in einer matten Ausf\u00fchrung hergestellt. Ein Abdruck einer Sandform ist auf der Oberfl\u00e4che erhalten. Wenn Sie an einer gl\u00e4nzenden Oberfl\u00e4che interessiert sind, kontaktieren Sie uns<\/p>\n<p class=\"tw-data-text tw-text-large tw-ta\" dir=\"ltr\" data-placeholder=\"\u00dcbersetzung\" data-ved=\"2ahUKEwiFivvfsrSKAxWbm_0HHbStFLMQ3ewLegQICRAU\" aria-label=\"\u00dcbersetzter Text: The small, medium bell with a wooden handle is turned after casting and then polished to a high shine. The heart of the bell is a steel ball. The holder, for an easier grip, is turned from wood and then varnished. The sound of this bell is gentle, but it can be used, for example, to announce the jesus or summon the family in an apartment or family house.\">\n","protected":false},"excerpt":{"rendered":"<p>Parameter: H\u00f6he 95 mm Breite 95 mm Gewicht ca. 500g Material Bronze Die Bronze-Patina-Glocke ist die kleinste in der Kategorie<\/p>\n","protected":false},"featured_media":52141,"comment_status":"closed","ping_status":"closed","template":"","meta":[],"product_cat":[1240,89],"product_tag":[],"class_list":{"0":"post-52137","1":"product","2":"type-product","3":"status-publish","4":"has-post-thumbnail","6":"product_cat-s-glocken","7":"product_cat-unkategorisiert","8":"tm-has-options","10":"first","11":"instock","12":"taxable","13":"shipping-taxable","14":"purchasable","15":"product-type-simple"},"_links":{"self":[{"href":"https:\/\/bestmarkings.com\/de\/wp-json\/wp\/v2\/product\/52137","targetHints":{"allow":["GET"]}}],"collection":[{"href":"https:\/\/bestmarkings.com\/de\/wp-json\/wp\/v2\/product"}],"about":[{"href":"https:\/\/bestmarkings.com\/de\/wp-json\/wp\/v2\/types\/product"}],"replies":[{"embeddable":true,"href":"https:\/\/bestmarkings.com\/de\/wp-json\/wp\/v2\/comments?post=52137"}],"version-history":[{"count":2,"href":"https:\/\/bestmarkings.com\/de\/wp-json\/wp\/v2\/product\/52137\/revisions"}],"predecessor-version":[{"id":52449,"href":"https:\/\/bestmarkings.com\/de\/wp-json\/wp\/v2\/product\/52137\/revisions\/52449"}],"wp:featuredmedia":[{"embeddable":true,"href":"https:\/\/bestmarkings.com\/de\/wp-json\/wp\/v2\/media\/52141"}],"wp:attachment":[{"href":"https:\/\/bestmarkings.com\/de\/wp-json\/wp\/v2\/media?parent=52137"}],"wp:term":[{"taxonomy":"product_cat","embeddable":true,"href":"https:\/\/bestmarkings.com\/de\/wp-json\/wp\/v2\/product_cat?post=52137"},{"taxonomy":"product_tag","embeddable":true,"href":"https:\/\/bestmarkings.com\/de\/wp-json\/wp\/v2\/product_tag?post=52137"}],"curies":[{"name":"wp","href":"https:\/\/api.w.org\/{rel}","templated":true}]}}