{"id":52109,"date":"2024-12-19T19:52:51","date_gmt":"2024-12-19T19:52:51","guid":{"rendered":"https:\/\/bestmarkings.com\/?post_type=product&#038;p=52109"},"modified":"2024-12-22T16:32:26","modified_gmt":"2024-12-22T16:32:26","slug":"glocke-klein-55-x-50mm-copy-copy-copy-2","status":"publish","type":"product","link":"https:\/\/bestmarkings.com\/de\/produkt\/glocke-klein-55-x-50mm-copy-copy-copy-2\/","title":{"rendered":"Glocke 135 x 65mm"},"content":{"rendered":"<p id=\"tw-target-text\" class=\"tw-data-text tw-text-large tw-ta\" dir=\"ltr\" data-placeholder=\"\u00dcbersetzung\" data-ved=\"2ahUKEwiFivvfsrSKAxWbm_0HHbStFLMQ3ewLegQICRAU\" aria-label=\"\u00dcbersetzter Text: Parameters height 60 mm width 32 mm weight approx. 60g Material bronze\"><span class=\"Y2IQFc\" lang=\"en\">Parameter: H\u00f6he 135 mm Breite 65 mm Gewicht ca. 300g Material Bronze, Holz <\/span><\/p>\n<p id=\"tw-target-text\" class=\"tw-data-text tw-text-large tw-ta\" dir=\"ltr\" data-placeholder=\"\u00dcbersetzung\" data-ved=\"2ahUKEwiFivvfsrSKAxWbm_0HHbStFLMQ3ewLegQICRAU\" aria-label=\"\u00dcbersetzter Text: Small Ital bell with holder is the smallest bell from the offer, which we produce with a matte finish. An imprint of a sand mold is preserved on its surface. The holder, for an easier grip, is turned from wood and then varnished. The sound of this bell is gentle, but it can be used, for example, to announce the jesus or summon the family in an apartment or family house.\"><span class=\"Y2IQFc\" lang=\"en\">Die kleine Ital-Glocke mit Halter ist die kleinste Glocke aus dem Angebot, die wir mit einer matten Oberfl\u00e4che herstellen. Ein Abdruck einer Sandform ist auf der Oberfl\u00e4che erhalten. Die Halterung ist aus Holz gedrechselt und anschlie\u00dfend lackiert, um den Griff zu erleichtern. Der Klang dieser Glocke ist sanft, aber sie kann zum Beispiel verwendet werden, um den Jesus anzuk\u00fcndigen oder die Familie in einer Wohnung oder einem Einfamilienhaus zu rufen.<\/span><\/p>\n","protected":false},"excerpt":{"rendered":"<p>Parameter: H\u00f6he 135 mm Breite 65 mm Gewicht ca. 300g Material Bronze, Holz Die kleine Ital-Glocke mit Halter ist die<\/p>\n","protected":false},"featured_media":52116,"comment_status":"closed","ping_status":"closed","template":"","meta":[],"product_cat":[1240,89],"product_tag":[],"class_list":{"0":"post-52109","1":"product","2":"type-product","3":"status-publish","4":"has-post-thumbnail","6":"product_cat-s-glocken","7":"product_cat-unkategorisiert","8":"tm-has-options","10":"first","11":"instock","12":"taxable","13":"shipping-taxable","14":"purchasable","15":"product-type-simple"},"_links":{"self":[{"href":"https:\/\/bestmarkings.com\/de\/wp-json\/wp\/v2\/product\/52109","targetHints":{"allow":["GET"]}}],"collection":[{"href":"https:\/\/bestmarkings.com\/de\/wp-json\/wp\/v2\/product"}],"about":[{"href":"https:\/\/bestmarkings.com\/de\/wp-json\/wp\/v2\/types\/product"}],"replies":[{"embeddable":true,"href":"https:\/\/bestmarkings.com\/de\/wp-json\/wp\/v2\/comments?post=52109"}],"version-history":[{"count":2,"href":"https:\/\/bestmarkings.com\/de\/wp-json\/wp\/v2\/product\/52109\/revisions"}],"predecessor-version":[{"id":52446,"href":"https:\/\/bestmarkings.com\/de\/wp-json\/wp\/v2\/product\/52109\/revisions\/52446"}],"wp:featuredmedia":[{"embeddable":true,"href":"https:\/\/bestmarkings.com\/de\/wp-json\/wp\/v2\/media\/52116"}],"wp:attachment":[{"href":"https:\/\/bestmarkings.com\/de\/wp-json\/wp\/v2\/media?parent=52109"}],"wp:term":[{"taxonomy":"product_cat","embeddable":true,"href":"https:\/\/bestmarkings.com\/de\/wp-json\/wp\/v2\/product_cat?post=52109"},{"taxonomy":"product_tag","embeddable":true,"href":"https:\/\/bestmarkings.com\/de\/wp-json\/wp\/v2\/product_tag?post=52109"}],"curies":[{"name":"wp","href":"https:\/\/api.w.org\/{rel}","templated":true}]}}