{"id":52049,"date":"2024-12-19T18:35:27","date_gmt":"2024-12-19T18:35:27","guid":{"rendered":"https:\/\/bestmarkings.com\/?post_type=product&#038;p=52049"},"modified":"2024-12-19T18:41:33","modified_gmt":"2024-12-19T18:41:33","slug":"glocke-klein-60-x-32mm-copy","status":"publish","type":"product","link":"https:\/\/bestmarkings.com\/de\/produkt\/glocke-klein-60-x-32mm-copy\/","title":{"rendered":"Glocke klein 55 x 50mm"},"content":{"rendered":"<p id=\"tw-target-text\" class=\"tw-data-text tw-text-large tw-ta\" dir=\"ltr\" data-placeholder=\"\u00dcbersetzung\" data-ved=\"2ahUKEwiFivvfsrSKAxWbm_0HHbStFLMQ3ewLegQICRAU\" aria-label=\"\u00dcbersetzter Text: Parameters height 60 mm width 32 mm weight approx. 60g Material bronze\"><span class=\"Y2IQFc\" lang=\"en\">Parameter: H\u00f6he 55 mm Breite 50 mm Gewicht ca. 100g Material Bronze, Messing <\/span><\/p>\n<p id=\"tw-target-text\" class=\"tw-data-text tw-text-large tw-ta\" dir=\"ltr\" data-placeholder=\"\u00dcbersetzung\" data-ved=\"2ahUKEwiFivvfsrSKAxWbm_0HHbStFLMQ3ewLegQICRAU\" aria-label=\"\u00dcbersetzter Text: The medium-small bell with ring is turned after casting and then polished to a high shine. The heart of the bell is a steel ball. The ring, for easier grip, is made of brass wire. The sound of this bell is gentle, but it can be used, for example, to announce the jesus or summon the family in an apartment or a smaller house.\"><span class=\"Y2IQFc\" lang=\"en\">Die mittelgro\u00dfe Glocke mit Ring wird nach dem Gie\u00dfen gedreht und anschlie\u00dfend auf Hochglanz poliert. Das Herz der Glocke ist eine Stahlkugel. Der Ring ist f\u00fcr einen besseren Halt aus Messingdraht gefertigt. Der Klang dieser Glocke ist sanft, aber sie kann z.B. verwendet werden, um den Jesus anzuk\u00fcndigen oder die Familie in einer Wohnung oder einem kleineren Haus zu rufen.<\/span><\/p>\n","protected":false},"excerpt":{"rendered":"<p>Parameter: H\u00f6he 55 mm Breite 50 mm Gewicht ca. 100g Material Bronze, Messing Die mittelgro\u00dfe Glocke mit Ring wird nach<\/p>\n","protected":false},"featured_media":52056,"comment_status":"closed","ping_status":"closed","template":"","meta":[],"product_cat":[1240,89],"product_tag":[],"class_list":{"0":"post-52049","1":"product","2":"type-product","3":"status-publish","4":"has-post-thumbnail","6":"product_cat-s-glocken","7":"product_cat-unkategorisiert","8":"tm-has-options","10":"first","11":"instock","12":"taxable","13":"shipping-taxable","14":"purchasable","15":"product-type-simple"},"_links":{"self":[{"href":"https:\/\/bestmarkings.com\/de\/wp-json\/wp\/v2\/product\/52049","targetHints":{"allow":["GET"]}}],"collection":[{"href":"https:\/\/bestmarkings.com\/de\/wp-json\/wp\/v2\/product"}],"about":[{"href":"https:\/\/bestmarkings.com\/de\/wp-json\/wp\/v2\/types\/product"}],"replies":[{"embeddable":true,"href":"https:\/\/bestmarkings.com\/de\/wp-json\/wp\/v2\/comments?post=52049"}],"version-history":[{"count":2,"href":"https:\/\/bestmarkings.com\/de\/wp-json\/wp\/v2\/product\/52049\/revisions"}],"predecessor-version":[{"id":52057,"href":"https:\/\/bestmarkings.com\/de\/wp-json\/wp\/v2\/product\/52049\/revisions\/52057"}],"wp:featuredmedia":[{"embeddable":true,"href":"https:\/\/bestmarkings.com\/de\/wp-json\/wp\/v2\/media\/52056"}],"wp:attachment":[{"href":"https:\/\/bestmarkings.com\/de\/wp-json\/wp\/v2\/media?parent=52049"}],"wp:term":[{"taxonomy":"product_cat","embeddable":true,"href":"https:\/\/bestmarkings.com\/de\/wp-json\/wp\/v2\/product_cat?post=52049"},{"taxonomy":"product_tag","embeddable":true,"href":"https:\/\/bestmarkings.com\/de\/wp-json\/wp\/v2\/product_tag?post=52049"}],"curies":[{"name":"wp","href":"https:\/\/api.w.org\/{rel}","templated":true}]}}