{"id":52034,"date":"2024-12-19T18:25:33","date_gmt":"2024-12-19T18:25:33","guid":{"rendered":"https:\/\/bestmarkings.com\/?post_type=product&#038;p=52034"},"modified":"2024-12-19T18:35:15","modified_gmt":"2024-12-19T18:35:15","slug":"glocke-klein-75-x-40mm-copy","status":"publish","type":"product","link":"https:\/\/bestmarkings.com\/de\/produkt\/glocke-klein-75-x-40mm-copy\/","title":{"rendered":"Glocke klein 75 x 40mm"},"content":{"rendered":"<p><span class=\"Y2IQFc\" lang=\"en\">Parameter: H\u00f6he 75 mm Breite 40 mm Gewicht ca. 80g  <\/span><\/p>\n<p><span class=\"Y2IQFc\" lang=\"en\">Material: Bronze, Haut<\/span><\/p>\n<p id=\"tw-target-text\" class=\"tw-data-text tw-text-large tw-ta\" dir=\"ltr\" data-placeholder=\"\u00dcbersetzung\" data-ved=\"2ahUKEwiFivvfsrSKAxWbm_0HHbStFLMQ3ewLegQICRAU\" aria-label=\"\u00dcbersetzter Text: The small bell with a leather handle is the second smallest of our offer. After casting, the bell is turned and then polished to a high shine. The heart of the bell is a steel ball. The holder is embossed from cowhide. The inscriptions that we supply as standard on the leather holder are \"Merry Christmas\" and \"PF - current year\". If you want to order a bell, write in the notes to the order which of the two listed variants you want to send. We also offer an inscription\/logo on request for this product. However, the minimum order is 50 pcs. If you are interested in your own logo or inscription on the handle, please contact us here, for a price adjustment and specific requirements. The sound of this bell is very soft.\"><span class=\"Y2IQFc\" lang=\"en\">Die kleine Glocke mit einem Ledergriff ist die zweitkleinste in unserem Angebot. Nach dem Gie\u00dfen wird die Glocke gedreht und anschlie\u00dfend auf Hochglanz poliert. Das Herz der Glocke ist eine Stahlkugel. Der Halter ist aus gepr\u00e4gtem Rindsleder. Die Aufschriften, die wir standardm\u00e4\u00dfig auf dem Lederhalter liefern, sind &#8222;Frohe Weihnachten&#8220; und &#8222;PF &#8211; aktuelles Jahr&#8220;. Wenn Sie eine Glocke bestellen m\u00f6chten, schreiben Sie in den Anmerkungen zur Bestellung, welche der beiden aufgef\u00fchrten Varianten Sie w\u00fcnschen. Auf Anfrage bieten wir auch eine Beschriftung\/Logo f\u00fcr dieses Produkt an. Die Mindestbestellmenge betr\u00e4gt jedoch 50 St\u00fcck. Wenn Sie an einem eigenen Logo oder einer Beschriftung auf dem Griff interessiert sind, kontaktieren Sie uns bitte hier, um eine Preisanpassung und spezifische Anforderungen zu erhalten.      Der Klang dieser Glocke ist sehr leise.<\/span><\/p>\n","protected":false},"excerpt":{"rendered":"<p>Parameter: H\u00f6he 75 mm Breite 40 mm Gewicht ca. 80g Material: Bronze, Haut Die kleine Glocke mit einem Ledergriff ist<\/p>\n","protected":false},"featured_media":52029,"comment_status":"closed","ping_status":"closed","template":"","meta":[],"product_cat":[1240,89],"product_tag":[],"class_list":{"0":"post-52034","1":"product","2":"type-product","3":"status-publish","4":"has-post-thumbnail","6":"product_cat-s-glocken","7":"product_cat-unkategorisiert","8":"tm-has-options","10":"first","11":"instock","12":"taxable","13":"shipping-taxable","14":"purchasable","15":"product-type-simple"},"_links":{"self":[{"href":"https:\/\/bestmarkings.com\/de\/wp-json\/wp\/v2\/product\/52034","targetHints":{"allow":["GET"]}}],"collection":[{"href":"https:\/\/bestmarkings.com\/de\/wp-json\/wp\/v2\/product"}],"about":[{"href":"https:\/\/bestmarkings.com\/de\/wp-json\/wp\/v2\/types\/product"}],"replies":[{"embeddable":true,"href":"https:\/\/bestmarkings.com\/de\/wp-json\/wp\/v2\/comments?post=52034"}],"version-history":[{"count":2,"href":"https:\/\/bestmarkings.com\/de\/wp-json\/wp\/v2\/product\/52034\/revisions"}],"predecessor-version":[{"id":52046,"href":"https:\/\/bestmarkings.com\/de\/wp-json\/wp\/v2\/product\/52034\/revisions\/52046"}],"wp:featuredmedia":[{"embeddable":true,"href":"https:\/\/bestmarkings.com\/de\/wp-json\/wp\/v2\/media\/52029"}],"wp:attachment":[{"href":"https:\/\/bestmarkings.com\/de\/wp-json\/wp\/v2\/media?parent=52034"}],"wp:term":[{"taxonomy":"product_cat","embeddable":true,"href":"https:\/\/bestmarkings.com\/de\/wp-json\/wp\/v2\/product_cat?post=52034"},{"taxonomy":"product_tag","embeddable":true,"href":"https:\/\/bestmarkings.com\/de\/wp-json\/wp\/v2\/product_tag?post=52034"}],"curies":[{"name":"wp","href":"https:\/\/api.w.org\/{rel}","templated":true}]}}