{"id":52025,"date":"2024-12-19T18:13:10","date_gmt":"2024-12-19T18:13:10","guid":{"rendered":"https:\/\/bestmarkings.com\/?post_type=product&#038;p=52025"},"modified":"2024-12-19T18:22:10","modified_gmt":"2024-12-19T18:22:10","slug":"glocke-klein-60-x-32-copy-2","status":"publish","type":"product","link":"https:\/\/bestmarkings.com\/de\/produkt\/glocke-klein-60-x-32-copy-2\/","title":{"rendered":"Glocke klein 75 x 40mm"},"content":{"rendered":"<p><span class=\"Y2IQFc\" lang=\"en\">Parameter: H\u00f6he 75 mm Breite 40 mm Gewicht ca. 80g  <\/span><\/p>\n<p><span class=\"Y2IQFc\" lang=\"en\">Material: Bronze, Holz<\/span><\/p>\n<p id=\"tw-target-text\" class=\"tw-data-text tw-text-large tw-ta\" dir=\"ltr\" data-placeholder=\"\u00dcbersetzung\" data-ved=\"2ahUKEwiFivvfsrSKAxWbm_0HHbStFLMQ3ewLegQICRAU\" aria-label=\"\u00dcbersetzter Text: The small bell with a wooden handle is the second smallest of our offer. After casting, the bell is turned and then polished to a high shine. The heart of the bell is a steel ball. The holder, for an easier grip, is turned from wood and then varnished. The sound of this bell is very soft. It is suitable as a small gift for pleasure.\"><span class=\"Y2IQFc\" lang=\"en\">Die kleine Glocke mit Holzgriff ist die zweitkleinste in unserem Angebot. Nach dem Gie\u00dfen wird die Glocke gedreht und anschlie\u00dfend auf Hochglanz poliert. Das Herz der Glocke ist eine Stahlkugel. Die Halterung ist aus Holz gedrechselt und anschlie\u00dfend lackiert, um den Griff zu erleichtern. Der Klang dieser Glocke ist sehr leise. Es eignet sich als kleines Geschenk zum Vergn\u00fcgen.<\/span><\/p>\n","protected":false},"excerpt":{"rendered":"<p>Parameter: H\u00f6he 75 mm Breite 40 mm Gewicht ca. 80g Material: Bronze, Holz Die kleine Glocke mit Holzgriff ist die<\/p>\n","protected":false},"featured_media":52029,"comment_status":"closed","ping_status":"closed","template":"","meta":[],"product_cat":[1240,89],"product_tag":[],"class_list":{"0":"post-52025","1":"product","2":"type-product","3":"status-publish","4":"has-post-thumbnail","6":"product_cat-s-glocken","7":"product_cat-unkategorisiert","8":"tm-has-options","10":"first","11":"instock","12":"taxable","13":"shipping-taxable","14":"purchasable","15":"product-type-simple"},"_links":{"self":[{"href":"https:\/\/bestmarkings.com\/de\/wp-json\/wp\/v2\/product\/52025","targetHints":{"allow":["GET"]}}],"collection":[{"href":"https:\/\/bestmarkings.com\/de\/wp-json\/wp\/v2\/product"}],"about":[{"href":"https:\/\/bestmarkings.com\/de\/wp-json\/wp\/v2\/types\/product"}],"replies":[{"embeddable":true,"href":"https:\/\/bestmarkings.com\/de\/wp-json\/wp\/v2\/comments?post=52025"}],"version-history":[{"count":1,"href":"https:\/\/bestmarkings.com\/de\/wp-json\/wp\/v2\/product\/52025\/revisions"}],"predecessor-version":[{"id":52030,"href":"https:\/\/bestmarkings.com\/de\/wp-json\/wp\/v2\/product\/52025\/revisions\/52030"}],"wp:featuredmedia":[{"embeddable":true,"href":"https:\/\/bestmarkings.com\/de\/wp-json\/wp\/v2\/media\/52029"}],"wp:attachment":[{"href":"https:\/\/bestmarkings.com\/de\/wp-json\/wp\/v2\/media?parent=52025"}],"wp:term":[{"taxonomy":"product_cat","embeddable":true,"href":"https:\/\/bestmarkings.com\/de\/wp-json\/wp\/v2\/product_cat?post=52025"},{"taxonomy":"product_tag","embeddable":true,"href":"https:\/\/bestmarkings.com\/de\/wp-json\/wp\/v2\/product_tag?post=52025"}],"curies":[{"name":"wp","href":"https:\/\/api.w.org\/{rel}","templated":true}]}}