{"id":51888,"date":"2024-09-16T19:12:44","date_gmt":"2024-09-16T19:12:44","guid":{"rendered":"https:\/\/bestmarkings.com\/product\/t-gra-br270x180\/"},"modified":"2025-01-05T12:41:19","modified_gmt":"2025-01-05T12:41:19","slug":"t-gra-br270x180","status":"publish","type":"product","link":"https:\/\/bestmarkings.com\/de\/produkt\/t-gra-br270x180\/","title":{"rendered":"Grabzeichen 270 x 180mm"},"content":{"rendered":"<p>Hans Muster 1904 &#8211; 2020<br \/>\nGreta Muster 1908 &#8211; 2018<br \/>\nFritz Muster 1856 &#8211; 1940<\/p>\n<p>&#8211; Standard bis zu 2 Namen, max. 3 Namen mit Aufpreis<\/p>\n<p>-Material: Langlebiger Bronzeguss, in der Schweiz mit au\u00dfergew\u00f6hnlicher Handwerkskunst hergestellt.<\/p>\n<div>-Design: Eleganter, erhabener Schriftzug im Radialstil, sorgf\u00e4ltig poliert f\u00fcr perfekte Lesbarkeit.<\/div>\n<div><\/div>\n<div>-Finish: Patinierte Oberfl\u00e4che f\u00fcr ein zeitloses und lang anhaltendes Aussehen.<\/div>\n<div><\/div>\n<div>-Qualit\u00e4t: Handgefertigt mit Pr\u00e4zision und Liebe zum Detail, ideal f\u00fcr eine w\u00fcrdige Grabdekoration.<\/div>\n<div><\/div>\n<div>Ein zeitloses und elegantes Erinnerungsst\u00fcck zu Ehren Ihrer Liebsten<\/div>\n<p>&nbsp;<\/p>\n","protected":false},"excerpt":{"rendered":"<p>Bronze Grabzeichen 270X180<\/p>\n","protected":false},"featured_media":28409,"comment_status":"closed","ping_status":"closed","template":"","meta":[],"product_cat":[89,1200],"product_tag":[],"class_list":{"0":"post-51888","1":"product","2":"type-product","3":"status-publish","4":"has-post-thumbnail","6":"product_cat-unkategorisiert","7":"product_cat-epitaphe","8":"tm-has-options","10":"first","11":"instock","12":"taxable","13":"shipping-taxable","14":"purchasable","15":"product-type-simple"},"_links":{"self":[{"href":"https:\/\/bestmarkings.com\/de\/wp-json\/wp\/v2\/product\/51888","targetHints":{"allow":["GET"]}}],"collection":[{"href":"https:\/\/bestmarkings.com\/de\/wp-json\/wp\/v2\/product"}],"about":[{"href":"https:\/\/bestmarkings.com\/de\/wp-json\/wp\/v2\/types\/product"}],"replies":[{"embeddable":true,"href":"https:\/\/bestmarkings.com\/de\/wp-json\/wp\/v2\/comments?post=51888"}],"version-history":[{"count":2,"href":"https:\/\/bestmarkings.com\/de\/wp-json\/wp\/v2\/product\/51888\/revisions"}],"predecessor-version":[{"id":54575,"href":"https:\/\/bestmarkings.com\/de\/wp-json\/wp\/v2\/product\/51888\/revisions\/54575"}],"wp:featuredmedia":[{"embeddable":true,"href":"https:\/\/bestmarkings.com\/de\/wp-json\/wp\/v2\/media\/28409"}],"wp:attachment":[{"href":"https:\/\/bestmarkings.com\/de\/wp-json\/wp\/v2\/media?parent=51888"}],"wp:term":[{"taxonomy":"product_cat","embeddable":true,"href":"https:\/\/bestmarkings.com\/de\/wp-json\/wp\/v2\/product_cat?post=51888"},{"taxonomy":"product_tag","embeddable":true,"href":"https:\/\/bestmarkings.com\/de\/wp-json\/wp\/v2\/product_tag?post=51888"}],"curies":[{"name":"wp","href":"https:\/\/api.w.org\/{rel}","templated":true}]}}