{"id":51885,"date":"2024-09-16T19:16:23","date_gmt":"2024-09-16T19:16:23","guid":{"rendered":"https:\/\/bestmarkings.com\/product\/t-gra-br400x270\/"},"modified":"2025-01-05T12:41:31","modified_gmt":"2025-01-05T12:41:31","slug":"t-gra-br400x270","status":"publish","type":"product","link":"https:\/\/bestmarkings.com\/de\/produkt\/t-gra-br400x270\/","title":{"rendered":"Grabzeichen 400 x 270mm"},"content":{"rendered":"<div>-Material: Langlebiger Bronzeguss, in der Schweiz mit au\u00dfergew\u00f6hnlicher Handwerkskunst hergestellt.<\/div>\n<div>-Design: Eleganter, erhabener Schriftzug im Radialstil, sorgf\u00e4ltig poliert f\u00fcr perfekte Lesbarkeit.<\/div>\n<div>-Finish: Patinierte Oberfl\u00e4che f\u00fcr ein zeitloses und lang anhaltendes Aussehen.<\/div>\n<div>-Qualit\u00e4t: Handgefertigt mit Pr\u00e4zision und Liebe zum Detail, ideal f\u00fcr eine w\u00fcrdige Grabdekoration.<\/div>\n<div>&#8211; Bis zu 3 Zeilen<\/div>\n<div><\/div>\n<div>Ein zeitloses und elegantes Erinnerungsst\u00fcck zu Ehren Ihrer Liebsten<\/div>\n<p>Variante 1: 1x: Johan Muster-M\u00fcller (Mustername) M\u00fcnster 1930 &#8211; 2019<\/p>\n<p>Variante 2:<br \/>\n1x: Johan Muster-M\u00fcller (Mustername)<br \/>\n1930 &#8211; 2019<\/p>\n<p>Variante 3:<br \/>\nje 1x: Johan Muster-M\u00fcller 1928 &#8211; 2016<br \/>\nJohanna Muster-Meier 1935 &#8211; 2019<br \/>\nStefan M\u00fcller-Muster 1935 &#8211; 2020<\/p>\n","protected":false},"excerpt":{"rendered":"<p>Grabzeichen aus Bronze 400 x 270 mm<\/p>\n","protected":false},"featured_media":28412,"comment_status":"closed","ping_status":"closed","template":"","meta":[],"product_cat":[89,1200],"product_tag":[],"class_list":{"0":"post-51885","1":"product","2":"type-product","3":"status-publish","4":"has-post-thumbnail","6":"product_cat-unkategorisiert","7":"product_cat-epitaphe","8":"tm-has-options","10":"first","11":"instock","12":"taxable","13":"shipping-taxable","14":"purchasable","15":"product-type-simple"},"_links":{"self":[{"href":"https:\/\/bestmarkings.com\/de\/wp-json\/wp\/v2\/product\/51885","targetHints":{"allow":["GET"]}}],"collection":[{"href":"https:\/\/bestmarkings.com\/de\/wp-json\/wp\/v2\/product"}],"about":[{"href":"https:\/\/bestmarkings.com\/de\/wp-json\/wp\/v2\/types\/product"}],"replies":[{"embeddable":true,"href":"https:\/\/bestmarkings.com\/de\/wp-json\/wp\/v2\/comments?post=51885"}],"version-history":[{"count":3,"href":"https:\/\/bestmarkings.com\/de\/wp-json\/wp\/v2\/product\/51885\/revisions"}],"predecessor-version":[{"id":54577,"href":"https:\/\/bestmarkings.com\/de\/wp-json\/wp\/v2\/product\/51885\/revisions\/54577"}],"wp:featuredmedia":[{"embeddable":true,"href":"https:\/\/bestmarkings.com\/de\/wp-json\/wp\/v2\/media\/28412"}],"wp:attachment":[{"href":"https:\/\/bestmarkings.com\/de\/wp-json\/wp\/v2\/media?parent=51885"}],"wp:term":[{"taxonomy":"product_cat","embeddable":true,"href":"https:\/\/bestmarkings.com\/de\/wp-json\/wp\/v2\/product_cat?post=51885"},{"taxonomy":"product_tag","embeddable":true,"href":"https:\/\/bestmarkings.com\/de\/wp-json\/wp\/v2\/product_tag?post=51885"}],"curies":[{"name":"wp","href":"https:\/\/api.w.org\/{rel}","templated":true}]}}