{"id":51390,"date":"2024-12-15T11:38:03","date_gmt":"2024-12-15T11:38:03","guid":{"rendered":"https:\/\/bestmarkings.com\/?post_type=product&#038;p=51390"},"modified":"2024-12-15T16:28:46","modified_gmt":"2024-12-15T16:28:46","slug":"hochspannungs-warnschild-125mm-copy-copy","status":"publish","type":"product","link":"https:\/\/bestmarkings.com\/de\/produkt\/hochspannungs-warnschild-125mm-copy-copy\/","title":{"rendered":"Schalten verboten"},"content":{"rendered":"<p>Beschreibung:<br \/>\nDieses hochwertige Warnschild aus robustem Guss-Aluminium tr\u00e4gt die klare Aufschrift \u201eSchalten verboten! Monteure an der Arbeit\u201c. Mit seiner auff\u00e4lligen roten Farbe und wei\u00dfen Schrift sorgt es f\u00fcr optimale Sichtbarkeit und Sicherheit in Werkst\u00e4tten, Industrieumgebungen und technischen Bereichen Dank der stabilen Metallkette l\u00e4sst es sich einfach und flexibel aufh\u00e4ngen und gew\u00e4hrleistet langfristige Haltbarkeit. Ideal zur Vermeidung von Fehlbedienungen w\u00e4hrend laufender Arbeiten.<\/p>\n<p>Material: Guss-Aluminium mit stabiler Metallkette.<\/p>\n","protected":false},"excerpt":{"rendered":"<p>Beschreibung: Dieses hochwertige Warnschild aus robustem Guss-Aluminium tr\u00e4gt die klare Aufschrift \u201eSchalten verboten! Monteure an der Arbeit\u201c. Mit seiner auff\u00e4lligen<\/p>\n","protected":false},"featured_media":38684,"comment_status":"closed","ping_status":"closed","template":"","meta":[],"product_cat":[319,89],"product_tag":[],"class_list":{"0":"post-51390","1":"product","2":"type-product","3":"status-publish","4":"has-post-thumbnail","6":"product_cat-elektriziat","7":"product_cat-unkategorisiert","8":"tm-has-options","10":"first","11":"instock","12":"taxable","13":"shipping-taxable","14":"purchasable","15":"product-type-simple"},"_links":{"self":[{"href":"https:\/\/bestmarkings.com\/de\/wp-json\/wp\/v2\/product\/51390","targetHints":{"allow":["GET"]}}],"collection":[{"href":"https:\/\/bestmarkings.com\/de\/wp-json\/wp\/v2\/product"}],"about":[{"href":"https:\/\/bestmarkings.com\/de\/wp-json\/wp\/v2\/types\/product"}],"replies":[{"embeddable":true,"href":"https:\/\/bestmarkings.com\/de\/wp-json\/wp\/v2\/comments?post=51390"}],"version-history":[{"count":2,"href":"https:\/\/bestmarkings.com\/de\/wp-json\/wp\/v2\/product\/51390\/revisions"}],"predecessor-version":[{"id":51396,"href":"https:\/\/bestmarkings.com\/de\/wp-json\/wp\/v2\/product\/51390\/revisions\/51396"}],"wp:featuredmedia":[{"embeddable":true,"href":"https:\/\/bestmarkings.com\/de\/wp-json\/wp\/v2\/media\/38684"}],"wp:attachment":[{"href":"https:\/\/bestmarkings.com\/de\/wp-json\/wp\/v2\/media?parent=51390"}],"wp:term":[{"taxonomy":"product_cat","embeddable":true,"href":"https:\/\/bestmarkings.com\/de\/wp-json\/wp\/v2\/product_cat?post=51390"},{"taxonomy":"product_tag","embeddable":true,"href":"https:\/\/bestmarkings.com\/de\/wp-json\/wp\/v2\/product_tag?post=51390"}],"curies":[{"name":"wp","href":"https:\/\/api.w.org\/{rel}","templated":true}]}}