{"id":51368,"date":"2024-12-08T20:30:24","date_gmt":"2024-12-08T20:30:24","guid":{"rendered":"https:\/\/bestmarkings.com\/?post_type=product&#038;p=51368"},"modified":"2024-12-15T16:28:28","modified_gmt":"2024-12-15T16:28:28","slug":"blumentopf-rechteckig-mit-efeu-dekor-50-x-19-x-17-cm-copy-copy-copy-3","status":"publish","type":"product","link":"https:\/\/bestmarkings.com\/de\/produkt\/blumentopf-rechteckig-mit-efeu-dekor-50-x-19-x-17-cm-copy-copy-copy-3\/","title":{"rendered":"Rechteckiger Blumentopf mit Efeudekor, 20 x 20 x 15 cm"},"content":{"rendered":"<div class=\"panel-heading\"><\/div>\n<div id=\"tabs-116-1\" class=\"panel-collapse collapse in\">\n<div class=\"panel-body\">\n<div id=\"beschreibung\" class=\"info_panel_accordion_tab_content\" data-update=\"beschreibung\" data-tab_nr=\"116-1\">\n<div>AL Flowerpots &#8211; Edle Pflanzgef\u00e4\u00dfe aus Aluminium f\u00fcr den Balkon<\/p>\n<p><\/div>\n<div><\/div>\n<div>Hochwertige, stilvolle und unzerbrechliche Aluminium-Pflanzgef\u00e4\u00dfe, die Eleganz und Funktionalit\u00e4t auf Ihren Balkon bringen. Mit den Ma\u00dfen von 40 cm x 16 cm x 13 cm bieten diese Pflanzgef\u00e4\u00dfe reichlich Platz f\u00fcr Ihre Lieblingspflanzen und werten jeden Au\u00dfenbereich auf. Hergestellt in der Schweiz, garantieren diese exklusiven Blument\u00f6pfe Langlebigkeit und Qualit\u00e4t.<\/div>\n<div><\/div>\n<div>Vorteile auf einen Blick<\/div>\n<div><\/div>\n<div>\u2022 Robust und Wetterbest\u00e4ndig<\/div>\n<div>Gefertigt aus gegossenem Aluminium, sind diese Pflanzgef\u00e4\u00dfe besonders widerstandsf\u00e4hig gegen Witterungseinfl\u00fcsse \u2013 ideal f\u00fcr das ganze Jahr auf dem Balkon.<\/div>\n<div>\u2022 Leicht und Einfach zu Handhaben<\/div>\n<div>Trotz ihrer robusten Bauweise bleiben die Gef\u00e4\u00dfe leicht und lassen sich problemlos umstellen, ohne dass das elegante Design darunter leidet.<\/div>\n<div>-Ideale Gr\u00f6\u00dfe f\u00fcr Balkone<\/div>\n<div>Die kompakte Gr\u00f6\u00dfe ist perfekt f\u00fcr kleinere R\u00e4ume und bietet reichlich Platz f\u00fcr eine Vielzahl von Pflanzen und Kr\u00e4utern.<\/div>\n<div>-nachhaltig und umweltfreundlich<\/div>\n<div>Aluminium ist vollst\u00e4ndig recycelbar, was diese Pflanzgef\u00e4\u00dfe zu einer umweltbewussten Wahl f\u00fcr Ihren Garten macht.<\/div>\n<div>-Eigene Farboptionen<\/div>\n<div>Erh\u00e4ltlich in allen RAL-Farben, k\u00f6nnen Sie Ihr Pflanzgef\u00e4\u00df in Ihrem Lieblingsfarbton bestellen, um einen pers\u00f6nlichen Akzent f\u00fcr Ihren Balkongarten zu setzen.<\/div>\n<div><\/div>\n<div>Verwandeln Sie Ihren Balkon in eine stilvolle gr\u00fcne Oase<\/div>\n<div><\/div>\n<div>Bringen Sie einen Hauch von moderner Raffinesse und langlebiger Qualit\u00e4t in Ihren Balkongarten mit AL Flowerpots. Bestellen Sie jetzt und genie\u00dfen Sie die perfekte Mischung aus Funktionalit\u00e4t und \u00c4sthetik, die Ihren Au\u00dfenbereich aufwerten wird.<\/div>\n<\/div>\n<\/div>\n<\/div>\n","protected":false},"excerpt":{"rendered":"<p>AL Flowerpots &#8211; Edle Pflanzgef\u00e4\u00dfe aus Aluminium f\u00fcr den Balkon Hochwertige, stilvolle und unzerbrechliche Aluminium-Pflanzgef\u00e4\u00dfe, die Eleganz und Funktionalit\u00e4t auf<\/p>\n","protected":false},"featured_media":0,"comment_status":"closed","ping_status":"closed","template":"","meta":[],"product_cat":[544,89],"product_tag":[],"class_list":{"0":"post-51368","1":"product","2":"type-product","3":"status-publish","5":"product_cat-al-blumentopfe","6":"product_cat-unkategorisiert","7":"tm-has-options","9":"first","10":"instock","11":"taxable","12":"shipping-taxable","13":"purchasable","14":"product-type-simple"},"_links":{"self":[{"href":"https:\/\/bestmarkings.com\/de\/wp-json\/wp\/v2\/product\/51368","targetHints":{"allow":["GET"]}}],"collection":[{"href":"https:\/\/bestmarkings.com\/de\/wp-json\/wp\/v2\/product"}],"about":[{"href":"https:\/\/bestmarkings.com\/de\/wp-json\/wp\/v2\/types\/product"}],"replies":[{"embeddable":true,"href":"https:\/\/bestmarkings.com\/de\/wp-json\/wp\/v2\/comments?post=51368"}],"version-history":[{"count":2,"href":"https:\/\/bestmarkings.com\/de\/wp-json\/wp\/v2\/product\/51368\/revisions"}],"predecessor-version":[{"id":51395,"href":"https:\/\/bestmarkings.com\/de\/wp-json\/wp\/v2\/product\/51368\/revisions\/51395"}],"wp:attachment":[{"href":"https:\/\/bestmarkings.com\/de\/wp-json\/wp\/v2\/media?parent=51368"}],"wp:term":[{"taxonomy":"product_cat","embeddable":true,"href":"https:\/\/bestmarkings.com\/de\/wp-json\/wp\/v2\/product_cat?post=51368"},{"taxonomy":"product_tag","embeddable":true,"href":"https:\/\/bestmarkings.com\/de\/wp-json\/wp\/v2\/product_tag?post=51368"}],"curies":[{"name":"wp","href":"https:\/\/api.w.org\/{rel}","templated":true}]}}