{"id":45250,"date":"2024-11-25T18:41:48","date_gmt":"2024-11-25T18:41:48","guid":{"rendered":"https:\/\/bestmarkings.com\/?post_type=product&#038;p=45250"},"modified":"2024-11-26T19:41:52","modified_gmt":"2024-11-26T19:41:52","slug":"l1-copy-3","status":"publish","type":"product","link":"https:\/\/bestmarkings.com\/de\/produkt\/l1-copy-3\/","title":{"rendered":"L1 120 x 100mm"},"content":{"rendered":"<div>Diese Aluminiumguss-Schilder mit den Aufschriften \u201eL1\u201c, \u201eL2\u201c und \u201eL3\u201c sind speziell f\u00fcr die Kennzeichnung der Stromphasen in elektrischen Anlagen konzipiert. Die Bezeichnungen \u201eL1\u201c, \u201eL2\u201c und \u201eL3\u201c stehen f\u00fcr die drei Phasen eines dreiphasigen Stromsystems und helfen bei der eindeutigen und dauerhaften Zuordnung der Phasen, was f\u00fcr Sicherheit und \u00dcbersichtlichkeit in elektrischen Installationen unerl\u00e4sslich ist.<\/div>\n<div><\/div>\n<div>Design und Merkmale:<\/div>\n<div>\u2022 Material: Gefertigt aus hochwertigem Aluminiumguss, der langlebig, korrosionsbest\u00e4ndig und ideal f\u00fcr industrielle Anwendungen geeignet ist.<\/div>\n<div>\u2022 Farbe: Die Schilder haben einen schwarz lackierten Hintergrund. Die erhabenen Beschriftungen \u201eL1\u201c, \u201eL2\u201c und \u201eL3\u201c sowie der Rand sind silbern poliert und lackiert, was einen klaren Kontrast und eine hohe Lesbarkeit gew\u00e4hrleistet.<\/div>\n<div>\u2022 Oberfl\u00e4che: Die Oberfl\u00e4chen sind geschliffen und lackiert, wodurch die silbernen Schriftz\u00fcge auf dem schwarzen Hintergrund besonders deutlich hervortreten. Dies sorgt f\u00fcr eine hochwertige und professionelle Optik.<\/div>\n<div>\u2022Abmessungen: 120 x 100 mm \u2013 kompakt, aber gut sichtbar, passt gut in verschiedene Installationsumgebungen.<\/div>\n<div>\u2022Lochabstand: Jedes Etikett verf\u00fcgt \u00fcber zwei Befestigungsl\u00f6cher im Abstand von 95 mm, geeignet f\u00fcr Senkkopfschrauben mit einem Durchmesser von 5 mm. Dies sorgt f\u00fcr eine sichere und stabile Montage.<\/div>\n<div><\/div>\n<div>Anwendungsbereich:<\/div>\n<div><\/div>\n<div>Die Phasenschilder \u201eL1\u201c, \u201eL2\u201c und \u201eL3\u201c sind ideal f\u00fcr die Kennzeichnung der einzelnen Phasen in elektrischen Anlagen und Schaltschr\u00e4nken, die mit dreiphasigem Strom arbeiten. Sie werden typischerweise in industriellen, gewerblichen und technischen Umgebungen eingesetzt, wo eine klare Phasenzuordnung entscheidend f\u00fcr die Betriebssicherheit und die Wartung ist. Durch die wetterfeste und robuste Konstruktion eignen sich die Schilder sowohl f\u00fcr den Einsatz in Innenr\u00e4umen als auch im Au\u00dfenbereich.<\/div>\n","protected":false},"excerpt":{"rendered":"<p>Diese Aluminiumguss-Schilder mit den Aufschriften \u201eL1\u201c, \u201eL2\u201c und \u201eL3\u201c sind speziell f\u00fcr die Kennzeichnung der Stromphasen in elektrischen Anlagen konzipiert.<\/p>\n","protected":false},"featured_media":39252,"comment_status":"closed","ping_status":"closed","template":"","meta":[],"product_cat":[319,89],"product_tag":[],"class_list":{"0":"post-45250","1":"product","2":"type-product","3":"status-publish","4":"has-post-thumbnail","6":"product_cat-elektriziat","7":"product_cat-unkategorisiert","8":"tm-no-options","10":"first","11":"instock","12":"taxable","13":"shipping-taxable","14":"purchasable","15":"product-type-variable"},"_links":{"self":[{"href":"https:\/\/bestmarkings.com\/de\/wp-json\/wp\/v2\/product\/45250","targetHints":{"allow":["GET"]}}],"collection":[{"href":"https:\/\/bestmarkings.com\/de\/wp-json\/wp\/v2\/product"}],"about":[{"href":"https:\/\/bestmarkings.com\/de\/wp-json\/wp\/v2\/types\/product"}],"replies":[{"embeddable":true,"href":"https:\/\/bestmarkings.com\/de\/wp-json\/wp\/v2\/comments?post=45250"}],"version-history":[{"count":2,"href":"https:\/\/bestmarkings.com\/de\/wp-json\/wp\/v2\/product\/45250\/revisions"}],"predecessor-version":[{"id":50116,"href":"https:\/\/bestmarkings.com\/de\/wp-json\/wp\/v2\/product\/45250\/revisions\/50116"}],"wp:featuredmedia":[{"embeddable":true,"href":"https:\/\/bestmarkings.com\/de\/wp-json\/wp\/v2\/media\/39252"}],"wp:attachment":[{"href":"https:\/\/bestmarkings.com\/de\/wp-json\/wp\/v2\/media?parent=45250"}],"wp:term":[{"taxonomy":"product_cat","embeddable":true,"href":"https:\/\/bestmarkings.com\/de\/wp-json\/wp\/v2\/product_cat?post=45250"},{"taxonomy":"product_tag","embeddable":true,"href":"https:\/\/bestmarkings.com\/de\/wp-json\/wp\/v2\/product_tag?post=45250"}],"curies":[{"name":"wp","href":"https:\/\/api.w.org\/{rel}","templated":true}]}}